{"id":29717,"date":"2022-03-18T16:45:45","date_gmt":"2022-03-18T20:45:45","guid":{"rendered":"https:\/\/cpaq.ufms.br\/?page_id=29717"},"modified":"2024-09-02T08:24:25","modified_gmt":"2024-09-02T12:24:25","slug":"sebb","status":"publish","type":"page","link":"https:\/\/cpaq.ufms.br\/en\/00-novos\/sebb\/","title":{"rendered":"SEBB &#8211; Biblioteca do Campus de Aquidauana"},"content":{"rendered":"<p data-uw-styling-context=\"true\">\u00c9 a unidade respons\u00e1vel pela reuni\u00e3o, organiza\u00e7\u00e3o e difus\u00e3o do material bibliogr\u00e1fico e especial, necess\u00e1rio aos cursos e demais atividades dos C\u00e2mpus.<\/p>\n<div class=\"row\">\n<div class=\"col-md-6\">\n<div class=\"panel-group\" id=\"custom-collapse-0\">\n<div class=\"panel panel-default\">\n\t\t\t\t<div class=\"panel-heading\">\n\t\t\t\t\t<h4 class=\"panel-title\">\n\t\t\t\t\t\t<a class=\"collapsed\" data-toggle=\"collapse\" data-parent=\"#custom-collapse-0\" href=\"#custom-collapse-0-0\"><strong>Catalogo Online <\/strong><\/a>\n\t\t\t\t\t<\/h4>\n\t\t\t\t<\/div>\n\t\t\t\t<div id=\"custom-collapse-0-0\" class=\"panel-collapse collapse\">\n\t\t\t\t\t<div class=\"panel-body\">\n<p>Consulta ao acervo do Sistema de Bibliotecas da UFMS, renova\u00e7\u00e3o e reserva de materiais. <a href=\"https:\/\/pergamum.ufms.br\/\" target=\"_blank\" rel=\"noopener\" data-uw-styling-context=\"true\">Acessar<\/a><\/p>\n<\/div>\n\t\t\t\t<\/div>\n\t\t\t<\/div>\n<div class=\"panel panel-default\">\n\t\t\t\t<div class=\"panel-heading\">\n\t\t\t\t\t<h4 class=\"panel-title\">\n\t\t\t\t\t\t<a class=\"collapsed\" data-toggle=\"collapse\" data-parent=\"#custom-collapse-0\" href=\"#custom-collapse-0-1\"><strong>Peri\u00f3dicos da CAPES<\/strong><\/a>\n\t\t\t\t\t<\/h4>\n\t\t\t\t<\/div>\n\t\t\t\t<div id=\"custom-collapse-0-1\" class=\"panel-collapse collapse\">\n\t\t\t\t\t<div class=\"panel-body\">\n<p>Acesso \u00e0 publica\u00e7\u00f5es cient\u00edficas nacionais e internacionais de todas as \u00e1reas do conhecimento. <a href=\"http:\/\/www-periodicos-capes-gov-br.ez51.periodicos.capes.gov.br\/\" target=\"_blank\" rel=\"noopener\" data-uw-styling-context=\"true\">Acessar<\/a><\/p>\n<\/div>\n\t\t\t\t<\/div>\n\t\t\t<\/div>\n<div class=\"panel panel-default\">\n\t\t\t\t<div class=\"panel-heading\">\n\t\t\t\t\t<h4 class=\"panel-title\">\n\t\t\t\t\t\t<a class=\"collapsed\" data-toggle=\"collapse\" data-parent=\"#custom-collapse-0\" href=\"#custom-collapse-0-2\"><strong>Portal <\/strong><strong>Scielo<\/strong><\/a>\n\t\t\t\t\t<\/h4>\n\t\t\t\t<\/div>\n\t\t\t\t<div id=\"custom-collapse-0-2\" class=\"panel-collapse collapse\">\n\t\t\t\t\t<div class=\"panel-body\">\n<p>Portal de artigos Scielo \u2013 Scientific Electronic Library Online. <a href=\"http:\/\/www.scielo.br\/?lng=pt\" target=\"_blank\" rel=\"noopener\" data-uw-styling-context=\"true\">Acessar<\/a><\/p>\n<\/div>\n\t\t\t\t<\/div>\n\t\t\t<\/div>\n<div class=\"panel panel-default\">\n\t\t\t\t<div class=\"panel-heading\">\n\t\t\t\t\t<h4 class=\"panel-title\">\n\t\t\t\t\t\t<a class=\"collapsed\" data-toggle=\"collapse\" data-parent=\"#custom-collapse-0\" href=\"#custom-collapse-0-3\"><strong>Biblioteca <\/strong><strong>Digital UFMS<\/strong><\/a>\n\t\t\t\t\t<\/h4>\n\t\t\t\t<\/div>\n\t\t\t\t<div id=\"custom-collapse-0-3\" class=\"panel-collapse collapse\">\n\t\t\t\t\t<div class=\"panel-body\">\n<p>(BDTD) Biblioteca de Teses e Disserta\u00e7\u00f5es. <a href=\"http:\/\/bdtd.ibict.br\/\" target=\"_blank\" rel=\"noopener\" data-uw-styling-context=\"true\">Acessar<\/a><\/p>\n<\/div>\n\t\t\t\t<\/div>\n\t\t\t<\/div>\n<\/div>\n<\/div>\n<div class=\"col-md-6\">\n<div class=\"panel-group\" id=\"custom-collapse-1\">\n<div class=\"panel panel-default\">\n\t\t\t\t<div class=\"panel-heading\">\n\t\t\t\t\t<h4 class=\"panel-title\">\n\t\t\t\t\t\t<a class=\"collapsed\" data-toggle=\"collapse\" data-parent=\"#custom-collapse-1\" href=\"#custom-collapse-1-4\"><strong>Renova\u00e7\u00e3o de Empr\u00e9stimo<\/strong><\/a>\n\t\t\t\t\t<\/h4>\n\t\t\t\t<\/div>\n\t\t\t\t<div id=\"custom-collapse-1-4\" class=\"panel-collapse collapse\">\n\t\t\t\t\t<div class=\"panel-body\">\n<p>Renove seu empr\u00e9stimo de livro via internet . <a href=\"http:\/\/pergamum.cbc.ufms.br\/pergamum\/biblioteca_s\/php\/login_usu.php?flag=index.php\" target=\"_blank\" rel=\"noopener\" data-uw-styling-context=\"true\">Acessar<\/a><\/p>\n<\/div>\n\t\t\t\t<\/div>\n\t\t\t<\/div>\n<div class=\"panel panel-default\">\n\t\t\t\t<div class=\"panel-heading\">\n\t\t\t\t\t<h4 class=\"panel-title\">\n\t\t\t\t\t\t<a class=\"collapsed\" data-toggle=\"collapse\" data-parent=\"#custom-collapse-1\" href=\"#custom-collapse-1-5\"><strong>Atualiza\u00e7\u00e3o cadastral e Documentos<\/strong><\/a>\n\t\t\t\t\t<\/h4>\n\t\t\t\t<\/div>\n\t\t\t\t<div id=\"custom-collapse-1-5\" class=\"panel-collapse collapse\">\n\t\t\t\t\t<div class=\"panel-body\">\n<p>Atualiza\u00e7\u00e3o cadastral e documentos para download da biblioteca. <a href=\"https:\/\/cpaq.ufms.br\/00-novos\/sebb\/biblioteca-atualizacao-e-documentos\/\" target=\"\" rel=\"noopener\" data-uw-styling-context=\"true\">Acessar<\/a><\/p>\n<\/div>\n\t\t\t\t<\/div>\n\t\t\t<\/div>\n<div class=\"panel panel-default\">\n\t\t\t\t<div class=\"panel-heading\">\n\t\t\t\t\t<h4 class=\"panel-title\">\n\t\t\t\t\t\t<a class=\"collapsed\" data-toggle=\"collapse\" data-parent=\"#custom-collapse-1\" href=\"#custom-collapse-1-6\"><strong>Normas Para Trabalhos Acad\u00eamicos<\/strong><\/a>\n\t\t\t\t\t<\/h4>\n\t\t\t\t<\/div>\n\t\t\t\t<div id=\"custom-collapse-1-6\" class=\"panel-collapse collapse\">\n\t\t\t\t\t<div class=\"panel-body\">\n<p>Acesse as normas para trabalhos acad\u00eamicos do Campus de Aquidauana. <a href=\"https:\/\/cpaq.ufms.br\/normas-para-elaboracao-de-trabalhos-academicos\/\">Acessar<\/a><\/p>\n<\/div>\n\t\t\t\t<\/div>\n\t\t\t<\/div>\n<\/div>\n<\/div>\n<\/div>\n<p><strong>Chefe da Sess\u00e3o Biblioteca de Aquidauana<\/strong><\/p>\n<p data-uw-styling-context=\"true\"><em><strong>Erc\u00edlia Mendes Ferreira<\/strong><\/em><\/p>\n<p data-uw-styling-context=\"true\"><strong>Telefone:<\/strong> 3241-0441 \/ Ramal: 2441<\/p>\n<p data-uw-styling-context=\"true\"><strong data-uw-styling-context=\"true\">E-mail:\u00a0<\/strong><a href=\"mailto:biblioteca.cpaq@ufms.br\" data-uw-styling-context=\"true\">biblioteca.cpaq@ufms.br<\/a><\/p>\n<p data-uw-styling-context=\"true\"><strong data-uw-styling-context=\"true\">Telefone: <\/strong>3241-0445 \/ Ramal: 2445 <strong>&#8211; Atendimento ao P\u00fablico.<\/strong><\/p>\n<p data-uw-styling-context=\"true\"><strong data-uw-styling-context=\"true\">Hor\u00e1rio de atendimento:\u00a0<\/strong>de segunda a sexta-feira, das 7h \u00e0s 11h, das 13h \u00e0s 17h e das 19h \u00e0s 23h<\/p>\n<p>Mapeamento de processos: <a href=\"https:\/\/cpaq.ufms.br\/sebb-mapeamento-de-processos\/\" data-uw-styling-context=\"true\">Clique aqui<\/a>.<\/p>\n<p style=\"text-align: justify\"><div class=\"panel-group\" id=\"custom-collapse-2\">\n<div class=\"panel panel-default\">\n\t\t\t\t<div class=\"panel-heading\">\n\t\t\t\t\t<h4 class=\"panel-title\">\n\t\t\t\t\t\t<a class=\"collapsed\" data-toggle=\"collapse\" data-parent=\"#custom-collapse-2\" href=\"#custom-collapse-2-7\"><strong>Compet\u00eancias da Sess\u00e3o Biblioteca<\/strong><\/a>\n\t\t\t\t\t<\/h4>\n\t\t\t\t<\/div>\n\t\t\t\t<div id=\"custom-collapse-2-7\" class=\"panel-collapse collapse\">\n\t\t\t\t\t<div class=\"panel-body\">\nCompete aos servidores do setor, orientar os usu\u00e1rios na busca da informa\u00e7\u00e3o e no uso de fontes de refer\u00eancia existentes, auxiliando-os em suas necessidades de estudo e pesquisa; acompanhar, orientar e supervisionar a consulta local e o empr\u00e9stimo de material bibliogr\u00e1fico; realizar levantamentos bibliogr\u00e1ficos; orientar trabalhos, de acordo com as Normas T\u00e9cnicas da ABNT; divulgar as cole\u00e7\u00f5es e servi\u00e7os oferecidos pela Se\u00e7\u00e3o; localizar documentos solicitados pelo usu\u00e1rio; realizar treinamento de usu\u00e1rios; promover o ordenamento dos diversos cat\u00e1logos a serem utilizados pelo p\u00fablico; revisar a ordena\u00e7\u00e3o do material bibliogr\u00e1fico armazenado nas estantes; efetuar, anualmente, levantamento patrimonial dos livros, identificando o material desaparecido, irrecuper\u00e1vel e em desuso, comunicando as baixas; restaurar, separar e encaminhar, quando for o caso, para encaderna\u00e7\u00e3o, os livros danificados; promover inscri\u00e7\u00f5es de novos usu\u00e1rios da biblioteca; subsidiar a organiza\u00e7\u00e3o e manuten\u00e7\u00e3o do Cat\u00e1logo Coletivo de Material Bibliogr\u00e1fico do sistema de bibliotecas da Universidade; operacionalizar, supervisionar e executar o processamento t\u00e9cnico dos materiais bibliogr\u00e1ficos; informar \u00e0 Divis\u00e3o de Patrim\u00f4nio as doa\u00e7\u00f5es de material bibliogr\u00e1fico recebidas; organizar e manter arquivo de cat\u00e1logos de editoras\/livrarias nacionais e estrangeiras, bem como fich\u00e1rio de encomenda e compra de material bibliogr\u00e1fico; colaborar no Cat\u00e1logo Coletivo Nacional de Peri\u00f3dicos-CCN, atrav\u00e9s da Divis\u00e3o de Peri\u00f3dicos e Interc\u00e2mbio\/CBC; encaminhar \u00e0 Coordenadoria de Bibliotecas as rela\u00e7\u00f5es de livros e peri\u00f3dicos para compor o Plano de Aquisi\u00e7\u00e3o de Material Bibliogr\u00e1fico; encaminhar as solicita\u00e7\u00f5es de comuta\u00e7\u00e3o bibliogr\u00e1fica \u00e0 Coordenadoria de Bibliotecas; controlar os materiais permanentes e de consumo alocados na Se\u00e7\u00e3o; elaborar relat\u00f3rios gerenciais; desenvolver outras atividades dentro de sua \u00e1rea de atua\u00e7\u00e3o.<\/p>\n<\/div>\n\t\t\t\t<\/div>\n\t\t\t<\/div>\n<div class=\"panel panel-default\">\n\t\t\t\t<div class=\"panel-heading\">\n\t\t\t\t\t<h4 class=\"panel-title\">\n\t\t\t\t\t\t<a class=\"collapsed\" data-toggle=\"collapse\" data-parent=\"#custom-collapse-2\" href=\"#custom-collapse-2-8\"><strong>Equipe de servidores<\/strong><\/a>\n\t\t\t\t\t<\/h4>\n\t\t\t\t<\/div>\n\t\t\t\t<div id=\"custom-collapse-2-8\" class=\"panel-collapse collapse\">\n\t\t\t\t\t<div class=\"panel-body\">\n<p><strong>Processamento T\u00e9cnico<\/strong><\/p>\n<p><strong>Auxiliar em Administra\u00e7\u00e3o<\/strong><\/p>\n<ul>\n<li data-uw-styling-context=\"true\"><em><strong>Maria de F\u00e1tima Alves Bonif\u00e1cio<\/strong><\/em> &#8211; Telefone: 3241-0441 \/ Ramal: 2441<\/li>\n<\/ul>\n<p><strong>Bibliotec\u00e1ria<\/strong><\/p>\n<ul>\n<li data-uw-styling-context=\"true\"><em><strong>Maria Aparecida Jacques de Arruda\u00a0(em afastamento)<\/strong><\/em><\/li>\n<\/ul>\n<p data-uw-styling-context=\"true\"><strong>Atendimento ao Publico<\/strong><\/p>\n<p data-uw-styling-context=\"true\"><span data-uw-styling-context=\"true\"><strong data-uw-styling-context=\"true\">Auxiliar em Administra\u00e7\u00e3o<\/strong><\/span><\/p>\n<ul>\n<li data-uw-styling-context=\"true\"><strong>Ednilson Mendes Ferreira<\/strong> &#8211; Telefone: 3241-0445 &#8211; \/ Ramal: 2445<\/li>\n<\/ul>\n<p data-uw-styling-context=\"true\"><span data-uw-styling-context=\"true\"><strong data-uw-styling-context=\"true\">Assistente em Administra\u00e7\u00e3o<\/strong><\/span><\/p>\n<ul>\n<li data-uw-styling-context=\"true\"><em><strong>Eudes Mendes Ferreira<\/strong><\/em> &#8211; Telefone: 3241-0445 &#8211; \/ Ramal: 2445<\/li>\n<li data-uw-styling-context=\"true\"><em><strong>Flavio Pimentel Espindola<\/strong> <\/em>\u2013 Telefone: 3241-0445 &#8211; \/ Ramal: 2445<\/li>\n<\/ul>\n<\/div>\n\t\t\t\t<\/div>\n\t\t\t<\/div>\n<\/div>\n<p>&nbsp;<\/p>\n<p>&nbsp;<\/p>\n","protected":false},"excerpt":{"rendered":"<p>\u00c9 a unidade respons\u00e1vel pela reuni\u00e3o, organiza\u00e7\u00e3o e difus\u00e3o do material bibliogr\u00e1fico e especial, necess\u00e1rio aos cursos e demais atividades dos C\u00e2mpus. \u00a0 Chefe da Sess\u00e3o Biblioteca de Aquidauana Erc\u00edlia Mendes Ferreira Telefone: 3241-0441 \/ Ramal: 2441 E-mail:\u00a0biblioteca.cpaq@ufms.br Telefone: 3241-0445 \/ Ramal: 2445 &#8211; Atendimento ao P\u00fablico. Hor\u00e1rio de atendimento:\u00a0de segunda a sexta-feira, das 7h [&hellip;]<\/p>\n","protected":false},"author":1449,"featured_media":0,"parent":30416,"menu_order":0,"comment_status":"closed","ping_status":"closed","template":"","meta":{"footnotes":""},"coauthors":[],"class_list":["post-29717","page","type-page","status-publish","hentry"],"_links":{"self":[{"href":"https:\/\/cpaq.ufms.br\/en\/wp-json\/wp\/v2\/pages\/29717","targetHints":{"allow":["GET"]}}],"collection":[{"href":"https:\/\/cpaq.ufms.br\/en\/wp-json\/wp\/v2\/pages"}],"about":[{"href":"https:\/\/cpaq.ufms.br\/en\/wp-json\/wp\/v2\/types\/page"}],"author":[{"embeddable":true,"href":"https:\/\/cpaq.ufms.br\/en\/wp-json\/wp\/v2\/users\/1449"}],"replies":[{"embeddable":true,"href":"https:\/\/cpaq.ufms.br\/en\/wp-json\/wp\/v2\/comments?post=29717"}],"version-history":[{"count":8,"href":"https:\/\/cpaq.ufms.br\/en\/wp-json\/wp\/v2\/pages\/29717\/revisions"}],"predecessor-version":[{"id":34780,"href":"https:\/\/cpaq.ufms.br\/en\/wp-json\/wp\/v2\/pages\/29717\/revisions\/34780"}],"up":[{"embeddable":true,"href":"https:\/\/cpaq.ufms.br\/en\/wp-json\/wp\/v2\/pages\/30416"}],"wp:attachment":[{"href":"https:\/\/cpaq.ufms.br\/en\/wp-json\/wp\/v2\/media?parent=29717"}],"wp:term":[{"taxonomy":"author","embeddable":true,"href":"https:\/\/cpaq.ufms.br\/en\/wp-json\/wp\/v2\/coauthors?post=29717"}],"curies":[{"name":"wp","href":"https:\/\/api.w.org\/{rel}","templated":true}]}}