{"id":29698,"date":"2022-03-18T10:44:51","date_gmt":"2022-03-18T14:44:51","guid":{"rendered":"https:\/\/cpaq.ufms.br\/?page_id=29698"},"modified":"2025-05-15T16:25:42","modified_gmt":"2025-05-15T20:25:42","slug":"uae","status":"publish","type":"page","link":"https:\/\/cpaq.ufms.br\/en\/00-novos\/uae\/","title":{"rendered":"SETAES &#8211; Setor de Assist\u00eancia Estudantil"},"content":{"rendered":"<h3 data-uw-styling-context=\"true\"><strong>Servi\u00e7os e Aux\u00edlios<\/strong><\/h3>\n<div class=\"row\">\n<div class=\"col-md-6\">\n<div class=\"panel-group\" id=\"custom-collapse-0\">\n<div class=\"panel panel-default\">\n\t\t\t\t<div class=\"panel-heading\">\n\t\t\t\t\t<h4 class=\"panel-title\">\n\t\t\t\t\t\t<a class=\"collapsed\" data-toggle=\"collapse\" data-parent=\"#custom-collapse-0\" href=\"#custom-collapse-0-0\">Aux\u00edlio Creche<\/a>\n\t\t\t\t\t<\/h4>\n\t\t\t\t<\/div>\n\t\t\t\t<div id=\"custom-collapse-0-0\" class=\"panel-collapse collapse\">\n\t\t\t\t\t<div class=\"panel-body\">\n<p style=\"text-align: justify\">Para informa\u00e7\u00f5es sobre o Aux\u00edlio Creche, <a href=\"https:\/\/cpaq.ufms.br\/00-novos\/uae\/uae-auxilio-creche\/\">clique aqui<\/a><\/p>\n<\/div>\n\t\t\t\t<\/div>\n\t\t\t<\/div>\n<div class=\"panel panel-default\">\n\t\t\t\t<div class=\"panel-heading\">\n\t\t\t\t\t<h4 class=\"panel-title\">\n\t\t\t\t\t\t<a class=\"collapsed\" data-toggle=\"collapse\" data-parent=\"#custom-collapse-0\" href=\"#custom-collapse-0-1\">Aux\u00edlio Emergencial<\/a>\n\t\t\t\t\t<\/h4>\n\t\t\t\t<\/div>\n\t\t\t\t<div id=\"custom-collapse-0-1\" class=\"panel-collapse collapse\">\n\t\t\t\t\t<div class=\"panel-body\">\n<p style=\"text-align: justify\">Para informa\u00e7\u00f5es sobre o Aux\u00edlio Emergencial, <a href=\"https:\/\/cpaq.ufms.br\/00-novos\/uae\/uae-auxilio-emergencial\/\">clique aqui<\/a><\/p>\n<\/div>\n\t\t\t\t<\/div>\n\t\t\t<\/div>\n<div class=\"panel panel-default\">\n\t\t\t\t<div class=\"panel-heading\">\n\t\t\t\t\t<h4 class=\"panel-title\">\n\t\t\t\t\t\t<a class=\"collapsed\" data-toggle=\"collapse\" data-parent=\"#custom-collapse-0\" href=\"#custom-collapse-0-2\">Aux\u00edlio Moradia<\/a>\n\t\t\t\t\t<\/h4>\n\t\t\t\t<\/div>\n\t\t\t\t<div id=\"custom-collapse-0-2\" class=\"panel-collapse collapse\">\n\t\t\t\t\t<div class=\"panel-body\">\n<p style=\"text-align: justify\">Para informa\u00e7\u00f5es sobre o Aux\u00edlio Moradia, <a href=\"https:\/\/cpaq.ufms.br\/00-novos\/uae\/uae-auxilio-moradia\/\">clique aqui<\/a><\/p>\n<\/div>\n\t\t\t\t<\/div>\n\t\t\t<\/div>\n<div class=\"panel panel-default\">\n\t\t\t\t<div class=\"panel-heading\">\n\t\t\t\t\t<h4 class=\"panel-title\">\n\t\t\t\t\t\t<a class=\"collapsed\" data-toggle=\"collapse\" data-parent=\"#custom-collapse-0\" href=\"#custom-collapse-0-3\">Aux\u00edlio Perman\u00eancia<\/a>\n\t\t\t\t\t<\/h4>\n\t\t\t\t<\/div>\n\t\t\t\t<div id=\"custom-collapse-0-3\" class=\"panel-collapse collapse\">\n\t\t\t\t\t<div class=\"panel-body\">\n<p style=\"text-align: justify\">Para informa\u00e7\u00f5es sobre o Aux\u00edlio Perman\u00eancia, <a href=\"https:\/\/cpaq.ufms.br\/00-novos\/uae\/uae-auxilio-permanencia\/\">clique aqui<\/a><\/p>\n<\/div>\n\t\t\t\t<\/div>\n\t\t\t<\/div>\n<div class=\"panel panel-default\">\n\t\t\t\t<div class=\"panel-heading\">\n\t\t\t\t\t<h4 class=\"panel-title\">\n\t\t\t\t\t\t<a class=\"collapsed\" data-toggle=\"collapse\" data-parent=\"#custom-collapse-0\" href=\"#custom-collapse-0-4\">Bolsa Perman\u00eancia do MEC<\/a>\n\t\t\t\t\t<\/h4>\n\t\t\t\t<\/div>\n\t\t\t\t<div id=\"custom-collapse-0-4\" class=\"panel-collapse collapse\">\n\t\t\t\t\t<div class=\"panel-body\">\n<p>Para informa\u00e7\u00f5es sobre a Bolsa Perman\u00eancia do MEC, <a href=\"https:\/\/cpaq.ufms.br\/00-novos\/uae\/uae-bolsa-permanencia-do-mec\/\">clique aqui<\/a><\/p>\n<\/div>\n\t\t\t\t<\/div>\n\t\t\t<\/div>\n<div class=\"panel panel-default\">\n\t\t\t\t<div class=\"panel-heading\">\n\t\t\t\t\t<h4 class=\"panel-title\">\n\t\t\t\t\t\t<a class=\"collapsed\" data-toggle=\"collapse\" data-parent=\"#custom-collapse-0\" href=\"#custom-collapse-0-5\">Bolsa PROMISAES<\/a>\n\t\t\t\t\t<\/h4>\n\t\t\t\t<\/div>\n\t\t\t\t<div id=\"custom-collapse-0-5\" class=\"panel-collapse collapse\">\n\t\t\t\t\t<div class=\"panel-body\">\n<p style=\"text-align: justify\">Para informa\u00e7\u00f5es sobre a Bolsa PROMISAES, <a href=\"https:\/\/cpaq.ufms.br\/00-novos\/uae\/uae-auxilio-promissaes\/\">clique aqui<\/a><\/p>\n<\/div>\n\t\t\t\t<\/div>\n\t\t\t<\/div>\n<\/div>\n<\/div>\n<div class=\"col-md-6\">\n<div class=\"panel-group\" id=\"custom-collapse-1\">\n<div class=\"panel panel-default\">\n\t\t\t\t<div class=\"panel-heading\">\n\t\t\t\t\t<h4 class=\"panel-title\">\n\t\t\t\t\t\t<a class=\"collapsed\" data-toggle=\"collapse\" data-parent=\"#custom-collapse-1\" href=\"#custom-collapse-1-6\">Empr\u00e9stimos de Equipamentos de TI<\/a>\n\t\t\t\t\t<\/h4>\n\t\t\t\t<\/div>\n\t\t\t\t<div id=\"custom-collapse-1-6\" class=\"panel-collapse collapse\">\n\t\t\t\t\t<div class=\"panel-body\">\n<p style=\"text-align: justify\">Para informa\u00e7\u00f5es sobre o Empr\u00e9stimo de Equipamentos de TI, <a href=\"https:\/\/cpaq.ufms.br\/00-novos\/uae\/uae-emprestimo-equipamento-ti\/\">clique aqui<\/a><\/p>\n<\/div>\n\t\t\t\t<\/div>\n\t\t\t<\/div>\n<div class=\"panel panel-default\">\n\t\t\t\t<div class=\"panel-heading\">\n\t\t\t\t\t<h4 class=\"panel-title\">\n\t\t\t\t\t\t<a class=\"collapsed\" data-toggle=\"collapse\" data-parent=\"#custom-collapse-1\" href=\"#custom-collapse-1-7\">Aux\u00edlio Transporte<\/a>\n\t\t\t\t\t<\/h4>\n\t\t\t\t<\/div>\n\t\t\t\t<div id=\"custom-collapse-1-7\" class=\"panel-collapse collapse\">\n\t\t\t\t\t<div class=\"panel-body\">\n<p style=\"text-align: justify\">Para informa\u00e7\u00f5es sobre o Aux\u00edlio Transporte no Campus de Aquidauana, <a href=\"https:\/\/cpaq.ufms.br\/00-novos\/uae\/uae-inclusao-digital\/\">clique aqui<\/a><\/p>\n<\/div>\n\t\t\t\t<\/div>\n\t\t\t<\/div>\n<div class=\"panel panel-default\">\n\t\t\t\t<div class=\"panel-heading\">\n\t\t\t\t\t<h4 class=\"panel-title\">\n\t\t\t\t\t\t<a class=\"collapsed\" data-toggle=\"collapse\" data-parent=\"#custom-collapse-1\" href=\"#custom-collapse-1-8\">Aux\u00edlio Participa\u00e7\u00e3o em Eventos<\/a>\n\t\t\t\t\t<\/h4>\n\t\t\t\t<\/div>\n\t\t\t\t<div id=\"custom-collapse-1-8\" class=\"panel-collapse collapse\">\n\t\t\t\t\t<div class=\"panel-body\">\n<p style=\"text-align: justify\">Para informa\u00e7\u00f5es sobre o Aux\u00edlio para a participa\u00e7\u00e3o em eventos, <a href=\"https:\/\/cpaq.ufms.br\/00-novos\/uae\/uae-auxilio-participacao-eventos\/\">clique aqui<\/a><\/p>\n<\/div>\n\t\t\t\t<\/div>\n\t\t\t<\/div>\n<div class=\"panel panel-default\">\n\t\t\t\t<div class=\"panel-heading\">\n\t\t\t\t\t<h4 class=\"panel-title\">\n\t\t\t\t\t\t<a class=\"collapsed\" data-toggle=\"collapse\" data-parent=\"#custom-collapse-1\" href=\"#custom-collapse-1-9\">Cozinha Acad\u00eamica<\/a>\n\t\t\t\t\t<\/h4>\n\t\t\t\t<\/div>\n\t\t\t\t<div id=\"custom-collapse-1-9\" class=\"panel-collapse collapse\">\n\t\t\t\t\t<div class=\"panel-body\">\n<p style=\"text-align: justify\">Para informa\u00e7\u00f5es sobre a utiliza\u00e7\u00e3o da Cozinha Acad\u00eamica, <a href=\"https:\/\/cpaq.ufms.br\/00-novos\/uae\/orientacoes-para-utilizacao-da-cozinha-academica\/\">clique aqui<\/a><\/p>\n<\/div>\n\t\t\t\t<\/div>\n\t\t\t<\/div>\n<div class=\"panel panel-default\">\n\t\t\t\t<div class=\"panel-heading\">\n\t\t\t\t\t<h4 class=\"panel-title\">\n\t\t\t\t\t\t<a class=\"collapsed\" data-toggle=\"collapse\" data-parent=\"#custom-collapse-1\" href=\"#custom-collapse-1-10\">Atendimento de Servi\u00e7o Social<\/a>\n\t\t\t\t\t<\/h4>\n\t\t\t\t<\/div>\n\t\t\t\t<div id=\"custom-collapse-1-10\" class=\"panel-collapse collapse\">\n\t\t\t\t\t<div class=\"panel-body\">\n<p style=\"text-align: justify\">Para informa\u00e7\u00f5es sobre o Atendimento de Servi\u00e7o de Social no Campus de Aquidauana, <a href=\"https:\/\/cpaq.ufms.br\/00-novos\/uae\/uae-atendimento-do-servico-social\/\">clique aqui<\/a><\/p>\n<p>Para preencher o Formul\u00e1rio de Atendimento de Servi\u00e7o Social, <a href=\"https:\/\/cpaq.ufms.br\/00-novos\/uae\/uae-solicitacao-de-atendimento-servico-social\/\">clique aqui<\/a><\/p>\n<\/div>\n\t\t\t\t<\/div>\n\t\t\t<\/div>\n<div class=\"panel panel-default\">\n\t\t\t\t<div class=\"panel-heading\">\n\t\t\t\t\t<h4 class=\"panel-title\">\n\t\t\t\t\t\t<a class=\"collapsed\" data-toggle=\"collapse\" data-parent=\"#custom-collapse-1\" href=\"#custom-collapse-1-11\">Atendimento Psicol\u00f3gico<\/a>\n\t\t\t\t\t<\/h4>\n\t\t\t\t<\/div>\n\t\t\t\t<div id=\"custom-collapse-1-11\" class=\"panel-collapse collapse\">\n\t\t\t\t\t<div class=\"panel-body\">\n<p style=\"text-align: justify\">Para informa\u00e7\u00f5es sobre o Atendimento Psicol\u00f3gico no Campus de Aquidauana, <a href=\"https:\/\/cpaq.ufms.br\/00-novos\/uae\/uae-atendimento-psicologico\/\">clique aqui<\/a><\/p>\n<\/div>\n\t\t\t\t<\/div>\n\t\t\t<\/div>\n<\/div>\n<\/div>\n<\/div>\n<div class=\"panel panel-default\">\n\t\t\t\t<div class=\"panel-heading\">\n\t\t\t\t\t<h4 class=\"panel-title\">\n\t\t\t\t\t\t<a class=\"collapsed\" data-toggle=\"collapse\" data-parent=\"#custom-collapse-1\" href=\"#custom-collapse-1-12\">Resolu\u00e7\u00f5es Importantes<\/a>\n\t\t\t\t\t<\/h4>\n\t\t\t\t<\/div>\n\t\t\t\t<div id=\"custom-collapse-1-12\" class=\"panel-collapse collapse\">\n\t\t\t\t\t<div class=\"panel-body\">\n<ul>\n<li style=\"font-weight: 400\"><span style=\"font-weight: 400\"><a href=\"https:\/\/boletimoficial.ufms.br\/bse\/publicacao?id=434781\">Resolu\u00e7\u00e3o n\u00b0 124-COUN\/UFMS, de 31 de agosto de 2021\u00a0\u2013 Aprova o\u00a0Programa de Assist\u00eancia Estudantil\u00a0no \u00e2mbito da Funda\u00e7\u00e3o Universidade Federal de Mato Grosso do Sul<\/a>.<\/span><\/li>\n<li style=\"font-weight: 400\"><a href=\"https:\/\/boletimoficial.ufms.br\/bse\/publicacao?id=434782\"><span style=\"font-weight: 400\">Resolu\u00e7\u00e3o n\u00ba 125-COUN\/UFMS, de 31 de agosto de 2021.\u00a0Aprova a Pol\u00edtica de Inclus\u00e3o e A\u00e7\u00f5es Afirmativas no \u00e2mbito da Funda\u00e7\u00e3o Universidade Federal de Mato Grosso do Sul.<\/span><\/a><\/li>\n<li style=\"font-weight: 400\"><a href=\"https:\/\/boletimoficial.ufms.br\/bse\/publicacao?id=434784\"><span style=\"font-weight: 400\">Resolu\u00e7\u00e3o n\u00ba 126-COUN\/UFMS, de 31 de agosto de 2021.\u00a0Aprova a Pol\u00edtica de Aten\u00e7\u00e3o \u00e0 Sa\u00fade dos estudantes no \u00e2mbito da Funda\u00e7\u00e3o Universidade Federal de Mato Grosso do Sul.<\/span><\/a><\/li>\n<li style=\"font-weight: 400\"><a href=\"https:\/\/boletimoficial.ufms.br\/bse\/publicacao?id=434846\"><span style=\"font-weight: 400\">Resolu\u00e7\u00e3o n\u00ba 127-COUN\/UFMS, de 31 de agosto de 2021. Aprova a Pol\u00edtica de Preven\u00e7\u00e3o e Enfrentamento do Ass\u00e9dio Moral e Sexual no \u00e2mbito da Funda\u00e7\u00e3o Universidade Federal de Mato Grosso do Sul.<\/span><\/a><\/li>\n<li style=\"font-weight: 400\"><a href=\"https:\/\/boletimoficial.ufms.br\/bse\/publicacao?id=330574\"><span style=\"font-weight: 400\">Resolu\u00e7\u00e3o n\u00ba 73, de 23 de agosto de 2018.\u00a0Regulamenta o regime disciplinar dos estudantes no \u00e2mbito da Funda\u00e7\u00e3o Universidade Federal de Mato Grosso do Sul.<\/span><\/a><\/li>\n<li style=\"font-weight: 400\"><a href=\"https:\/\/boletimoficial.ufms.br\/bse\/publicacao?id=519020\"><span style=\"font-weight: 400\">Resolu\u00e7\u00e3o n\u00b0 467-CD\/UFMS, de 20 de mar\u00e7o de 2024. Altera a Resolu\u00e7\u00e3o n\u00ba 366, de 27 de mar\u00e7o de 2023, que aprova o Plano de Governan\u00e7a de Bolsas, Aux\u00edlios e Retribui\u00e7\u00e3o Pecuni\u00e1ria no \u00e2mbito da Funda\u00e7\u00e3o Universidade Federal de Mato Grosso do Sul, e seus Anexos.<\/span><\/a><\/li>\n<li style=\"font-weight: 400\"><a href=\"https:\/\/boletimoficial.ufms.br\/bse\/publicacao?id=543423\"><span style=\"font-weight: 400\">Instru\u00e7\u00e3o Normativa n\u00b0 38-PROAES\/UFMS, de 6 de dezembro de\u00a02024. Estabelece crit\u00e9rios para aplica\u00e7\u00e3o, sele\u00e7\u00e3o, acesso e perman\u00eancia de estudantes no Plano Nacional de Assist\u00eancia Estudantil &#8211; PNAES, e procedimentos para verifica\u00e7\u00e3o de den\u00fancias relacionadas ao PNAES.<\/span><\/a><\/li>\n<\/ul>\n<\/div>\n\t\t\t\t<\/div>\n\t\t\t<\/div>\n<div class=\"panel panel-default\">\n\t\t\t\t<div class=\"panel-heading\">\n\t\t\t\t\t<h4 class=\"panel-title\">\n\t\t\t\t\t\t<a class=\"collapsed\" data-toggle=\"collapse\" data-parent=\"#custom-collapse-1\" href=\"#custom-collapse-1-13\">Editais de Assist\u00eancia Estudantil<\/a>\n\t\t\t\t\t<\/h4>\n\t\t\t\t<\/div>\n\t\t\t\t<div id=\"custom-collapse-1-13\" class=\"panel-collapse collapse\">\n\t\t\t\t\t<div class=\"panel-body\">\n<p>Confira os \u00faltimos editais publicados da Assist\u00eancia Estudantil. <a href=\"https:\/\/cpaq.ufms.br\/00-novos\/uae\/uae-editais\/\">Aqui<\/a><\/p>\n<\/div>\n\t\t\t\t<\/div>\n\t\t\t<\/div>\n<p><span style=\"font-weight: 400\">\u00c9 a unidade respons\u00e1vel pela orienta\u00e7\u00e3o, apoio, execu\u00e7\u00e3o e acompanhamento das atividades assistenciais, psicol\u00f3gicas, sociais e educacionais relacionadas ao corpo discente no Campus de Aquidauana.<\/span><\/p>\n<p><span style=\"font-weight: 400\">A SETAES est\u00e1 diretamente ligada \u00e0 Pr\u00f3-Reitoria de Assuntos Estudantis (PROAES), que gerencia o Programa de Assist\u00eancia Estudantil na UFMS, com a finalidade de ampliar as condi\u00e7\u00f5es de perman\u00eancia dos estudantes na institui\u00e7\u00e3o.<\/span><\/p>\n<p><b>E-mail:<\/b><span style=\"font-weight: 400\">\u00a0setaes.cpaq@ufms.br\u00a0<\/span><\/p>\n<p><b>Telefones:<\/b><span style=\"font-weight: 400\"> (67) 3241-0430 | (67) 3241-0416 | (67) 3241-0412<\/span><\/p>\n<p><b>Expediente: <\/b><span style=\"font-weight: 400\">Segunda a sexta-feira, das 7h \u00e0s 11h e das 13h \u00e0s 17h; e <\/span><span style=\"font-weight: 400\">Ter\u00e7as e quintas-feiras, das 19h \u00e0s 21h.<\/span><\/p>\n<p style=\"text-align: justify\"><div class=\"panel-group\" id=\"custom-collapse-2\">\n<div class=\"panel panel-default\">\n\t\t\t\t<div class=\"panel-heading\">\n\t\t\t\t\t<h4 class=\"panel-title\">\n\t\t\t\t\t\t<a class=\"collapsed\" data-toggle=\"collapse\" data-parent=\"#custom-collapse-2\" href=\"#custom-collapse-2-14\"><strong>Compet\u00eancias <b>do Setor de Assist\u00eancia Estudantil<\/b><\/strong><\/a>\n\t\t\t\t\t<\/h4>\n\t\t\t\t<\/div>\n\t\t\t\t<div id=\"custom-collapse-2-14\" class=\"panel-collapse collapse\">\n\t\t\t\t\t<div class=\"panel-body\">\n<ul>\n<li style=\"font-weight: 400\"><span style=\"font-weight: 400\">Organizar, divulgar, executar e acompanhar, no \u00e2mbito do Campus de Aquidauana, as atividades referentes \u00e0 assist\u00eancia estudantil, integra\u00e7\u00e3o, desenvolvimento profissional, sa\u00fade e inclus\u00e3o;<\/span><\/li>\n<li style=\"font-weight: 400\"><span style=\"font-weight: 400\">Realizar a\u00e7\u00f5es de acolhimento, recep\u00e7\u00e3o e integra\u00e7\u00e3o de estudantes ingressantes;<\/span><\/li>\n<li style=\"font-weight: 400\"><span style=\"font-weight: 400\">Realizar atendimento, orienta\u00e7\u00e3o, apoio e encaminhamento de estudantes para as \u00e1reas m\u00e9dicas, odontol\u00f3gicas e psicol\u00f3gicas;<\/span><\/li>\n<li style=\"font-weight: 400\"><span style=\"font-weight: 400\">Articular, com institui\u00e7\u00f5es locais, por meio de parcerias, o oferecimento de servi\u00e7os diversos de necessidade e\/ou interesse dos acad\u00eamicos;<\/span><\/li>\n<li style=\"font-weight: 400\"><span style=\"font-weight: 400\">Fomentar a cria\u00e7\u00e3o de espa\u00e7os de conviv\u00eancia para uso dos acad\u00eamicos;<\/span><\/li>\n<li style=\"font-weight: 400\"><span style=\"font-weight: 400\">Articular a participa\u00e7\u00e3o dos acad\u00eamicos em eventos esportivos, art\u00edsticos, culturais e cient\u00edficos;<\/span><\/li>\n<li style=\"font-weight: 400\"><span style=\"font-weight: 400\">Fomentar, organizar, apoiar e divulgar a\u00e7\u00f5es relacionadas ao desenvolvimento profissional, como identifica\u00e7\u00e3o e divulga\u00e7\u00e3o de campos de est\u00e1gios e trainees;<\/span><\/li>\n<li style=\"font-weight: 400\"><span style=\"font-weight: 400\">Colaborar com a implanta\u00e7\u00e3o, implementa\u00e7\u00e3o, fomento, organiza\u00e7\u00e3o e divulga\u00e7\u00e3o da Pol\u00edtica de Egressos;<\/span><\/li>\n<li style=\"font-weight: 400\"><span style=\"font-weight: 400\">Orientar os acad\u00eamicos sobre tramita\u00e7\u00e3o e preenchimento de formul\u00e1rios, relat\u00f3rios, termos e outros documentos referentes \u00e0s a\u00e7\u00f5es da PROAES;<\/span><\/li>\n<li style=\"font-weight: 400\"><span style=\"font-weight: 400\">Elaborar relat\u00f3rios gerenciais;<\/span><\/li>\n<li style=\"font-weight: 400\"><span style=\"font-weight: 400\">Desenvolver outras atividades dentro de sua \u00e1rea de atua\u00e7\u00e3o.<\/span><\/li>\n<\/ul>\n<\/div>\n\t\t\t\t<\/div>\n\t\t\t<\/div>\n<div class=\"panel panel-default\">\n\t\t\t\t<div class=\"panel-heading\">\n\t\t\t\t\t<h4 class=\"panel-title\">\n\t\t\t\t\t\t<a class=\"collapsed\" data-toggle=\"collapse\" data-parent=\"#custom-collapse-2\" href=\"#custom-collapse-2-15\"><strong>Equipe de Servidores<\/strong><\/a>\n\t\t\t\t\t<\/h4>\n\t\t\t\t<\/div>\n\t\t\t\t<div id=\"custom-collapse-2-15\" class=\"panel-collapse collapse\">\n\t\t\t\t\t<div class=\"panel-body\">\n<strong>Equipe de Apoio Estudantil<\/strong><\/p>\n<p><span style=\"color: #000000\"><strong><span style=\"font-size: 10.5pt;font-family: Arial, sans-serif\">Assistente Social<\/span><\/strong><\/span><\/p>\n<ul>\n<li style=\"text-align: start\" data-uw-styling-context=\"true\"><span style=\"font-size: 10.5pt;font-family: 'Arial',sans-serif;color: #2c3e50\"><b>Raynne Ferreira Santos <\/b>&#8211; Telefone: 3241-0416 \/ Ramal:2416<\/span><\/li>\n<\/ul>\n<p><span style=\"color: #000000\"><strong><span style=\"font-size: 10.5pt;font-family: Arial, sans-serif\">Assistente em Administra\u00e7\u00e3o<\/span><\/strong><\/span><\/p>\n<ul>\n<li style=\"text-align: start\" data-uw-styling-context=\"true\"><span style=\"font-size: 10.5pt;font-family: 'Arial',sans-serif;color: #2c3e50\"><strong>Jeferson Henrique Mendrote Mussato<\/strong> &#8211; Telefone: (67) 3241-0430 \/ Ramal 2430<\/span><\/li>\n<\/ul>\n<p><span style=\"color: #000000\"><strong><span style=\"font-size: 10.5pt;font-family: Arial, sans-serif\">Psic\u00f3loga<\/span><\/strong><\/span><\/p>\n<ul>\n<li style=\"text-align: start\" data-uw-styling-context=\"true\"><span style=\"font-size: 10.5pt;font-family: 'Arial',sans-serif;color: #2c3e50\"><em><strong>Giovana Alle Hollender<\/strong> <\/em>&#8211; Telefone: 3241-0412 \/ Ramal:2412<\/span><\/li>\n<\/ul>\n<\/div>\n\t\t\t\t<\/div>\n\t\t\t<\/div>\n<\/div>\n","protected":false},"excerpt":{"rendered":"<p>Servi\u00e7os e Aux\u00edlios \u00c9 a unidade respons\u00e1vel pela orienta\u00e7\u00e3o, apoio, execu\u00e7\u00e3o e acompanhamento das atividades assistenciais, psicol\u00f3gicas, sociais e educacionais relacionadas ao corpo discente no Campus de Aquidauana. A SETAES est\u00e1 diretamente ligada \u00e0 Pr\u00f3-Reitoria de Assuntos Estudantis (PROAES), que gerencia o Programa de Assist\u00eancia Estudantil na UFMS, com a finalidade de ampliar as condi\u00e7\u00f5es [&hellip;]<\/p>\n","protected":false},"author":1449,"featured_media":30611,"parent":30416,"menu_order":0,"comment_status":"closed","ping_status":"closed","template":"page-templates\/page-coordenadorias.php","meta":{"footnotes":""},"coauthors":[79],"class_list":["post-29698","page","type-page","status-publish","has-post-thumbnail","hentry"],"_links":{"self":[{"href":"https:\/\/cpaq.ufms.br\/en\/wp-json\/wp\/v2\/pages\/29698","targetHints":{"allow":["GET"]}}],"collection":[{"href":"https:\/\/cpaq.ufms.br\/en\/wp-json\/wp\/v2\/pages"}],"about":[{"href":"https:\/\/cpaq.ufms.br\/en\/wp-json\/wp\/v2\/types\/page"}],"author":[{"embeddable":true,"href":"https:\/\/cpaq.ufms.br\/en\/wp-json\/wp\/v2\/users\/1449"}],"replies":[{"embeddable":true,"href":"https:\/\/cpaq.ufms.br\/en\/wp-json\/wp\/v2\/comments?post=29698"}],"version-history":[{"count":43,"href":"https:\/\/cpaq.ufms.br\/en\/wp-json\/wp\/v2\/pages\/29698\/revisions"}],"predecessor-version":[{"id":37172,"href":"https:\/\/cpaq.ufms.br\/en\/wp-json\/wp\/v2\/pages\/29698\/revisions\/37172"}],"up":[{"embeddable":true,"href":"https:\/\/cpaq.ufms.br\/en\/wp-json\/wp\/v2\/pages\/30416"}],"wp:featuredmedia":[{"embeddable":true,"href":"https:\/\/cpaq.ufms.br\/en\/wp-json\/wp\/v2\/media\/30611"}],"wp:attachment":[{"href":"https:\/\/cpaq.ufms.br\/en\/wp-json\/wp\/v2\/media?parent=29698"}],"wp:term":[{"taxonomy":"author","embeddable":true,"href":"https:\/\/cpaq.ufms.br\/en\/wp-json\/wp\/v2\/coauthors?post=29698"}],"curies":[{"name":"wp","href":"https:\/\/api.w.org\/{rel}","templated":true}]}}