{"id":29641,"date":"2022-03-17T14:16:42","date_gmt":"2022-03-17T18:16:42","guid":{"rendered":"https:\/\/cpaq.ufms.br\/?page_id=29641"},"modified":"2024-09-30T10:32:43","modified_gmt":"2024-09-30T14:32:43","slug":"seaac","status":"publish","type":"page","link":"https:\/\/cpaq.ufms.br\/en\/00-novos\/seaac\/","title":{"rendered":"Acompanhamento Acad\u00eamico"},"content":{"rendered":"<p data-uw-styling-context=\"true\"><span data-uw-styling-context=\"true\"><strong data-uw-styling-context=\"true\">Secret\u00e1rio de Acompanhamento Acad\u00eamico<\/strong><\/span><\/p>\n<p data-uw-styling-context=\"true\"><strong><em>Alberto dos Santos Gonzales<\/em><\/strong><\/p>\n<p data-uw-styling-context=\"true\"><strong>Telefone:<\/strong> (67) 3241-0425 \/ Ramal: 2425<\/p>\n<p data-uw-styling-context=\"true\"><strong data-uw-styling-context=\"true\">E-mail:\u00a0<\/strong><a href=\"mailto:secac.cpaq@ufms.br\" data-uw-styling-context=\"true\">secac.cpaq@ufms.br<\/a><\/p>\n<p style=\"text-align: justify\">\u00c9 a unidade respons\u00e1vel pela orienta\u00e7\u00e3o, acompanhamento e execu\u00e7\u00e3o das atividades de controle escolar, nas Unidades da Administra\u00e7\u00e3o Setorial, bem como de apoio \u00e0 administra\u00e7\u00e3o acad\u00eamica.<\/p>\n<p style=\"text-align: justify\" data-uw-styling-context=\"true\"><strong data-uw-styling-context=\"true\">Hor\u00e1rio de funcionamento<\/strong>: de segunda a sexta; das 7h \u00e0s 11h e das 13h \u00e0s 17h.<\/p>\n<p style=\"text-align: justify\" data-uw-styling-context=\"true\">Mapeamento de processos: <a href=\"https:\/\/cpaq.ufms.br\/seaac-mapeamento-de-processos\/\" data-uw-styling-context=\"true\">Clique aqui<\/a>.<\/p>\n<p data-uw-styling-context=\"true\"><div class=\"row\">\n<div class=\"col-md-6\">\n<div class=\"panel-group\" id=\"custom-collapse-0\">\n<div class=\"panel panel-default\">\n\t\t\t\t<div class=\"panel-heading\">\n\t\t\t\t\t<h4 class=\"panel-title\">\n\t\t\t\t\t\t<a class=\"collapsed\" data-toggle=\"collapse\" data-parent=\"#custom-collapse-0\" href=\"#custom-collapse-0-0\"><strong>Emiss\u00e3o de documentos acad\u00eamicos:<\/strong><\/a>\n\t\t\t\t\t<\/h4>\n\t\t\t\t<\/div>\n\t\t\t\t<div id=\"custom-collapse-0-0\" class=\"panel-collapse collapse\">\n\t\t\t\t\t<div class=\"panel-body\">\n<p style=\"text-align: justify\">Hist\u00f3rico Escolar, Declara\u00e7\u00e3o de Matr\u00edcula e Ementas das Disciplinas ser\u00e3o emitidos unicamente pelo discente, via Sistema Acad\u00eamico (SISCAD), com certifica\u00e7\u00e3o digital, no menu \u201cMeus Documentos\u201d: <a href=\"https:\/\/siscad.ufms.br\/\">clique aqui<\/a><\/p>\n<\/div>\n\t\t\t\t<\/div>\n\t\t\t<\/div>\n<div class=\"panel panel-default\">\n\t\t\t\t<div class=\"panel-heading\">\n\t\t\t\t\t<h4 class=\"panel-title\">\n\t\t\t\t\t\t<a class=\"collapsed\" data-toggle=\"collapse\" data-parent=\"#custom-collapse-0\" href=\"#custom-collapse-0-1\">R<strong>etirada de Diploma<\/strong><\/a>\n\t\t\t\t\t<\/h4>\n\t\t\t\t<\/div>\n\t\t\t\t<div id=\"custom-collapse-0-1\" class=\"panel-collapse collapse\">\n\t\t\t\t\t<div class=\"panel-body\">\n<div style=\"text-align: justify\"><b>Retirada de Diploma pelo Egresso: <\/b><b><\/b>Para retirada de diploma f\u00edsico, o titular\u00a0do diploma dever\u00e1 apresentar documento oficial de identifica\u00e7\u00e3o com foto.<\/div>\n<div style=\"text-align: justify\"><\/div>\n<div style=\"text-align: justify\">Diploma digital: Os egressos que colaram grau a partir de dezembro de 2021, dever\u00e3o emitir o diploma digital\u00a0 na op\u00e7\u00e3o &#8220;Meus Documentos&#8221;, no Siscad: <a href=\"https:\/\/siscad.ufms.br\/portal\" target=\"_blank\" rel=\"noopener\" data-saferedirecturl=\"https:\/\/www.google.com\/url?q=https:\/\/siscad.ufms.br\/portal&amp;source=gmail&amp;ust=1727792515979000&amp;usg=AOvVaw0W-McWB07YjYx5Rg3ZRkMl\">https:\/\/siscad.ufms.br\/portal<\/a><\/div>\n<div style=\"text-align: justify\"><\/div>\n<div style=\"text-align: justify\"><b>Retirada de Diploma por terceiros: <\/b>A retirada do Diploma poder\u00e1 ser realizada por terceiros. Para isso, deve ser utilizado o Modelo de Procura\u00e7\u00e3o para retirada de Diploma por terceiros. Essa Procura\u00e7\u00e3o particular dever\u00e1 ser registrada em cart\u00f3rio:\u00a0\u00a0<a href=\"https:\/\/cpaq.ufms.br\/files\/2023\/08\/Procuracao-modelo-2023.pdf\" target=\"_blank\" rel=\"noopener\" data-saferedirecturl=\"https:\/\/www.google.com\/url?q=https:\/\/cpaq.ufms.br\/files\/2023\/08\/Procuracao-modelo-2023.pdf&amp;source=gmail&amp;ust=1727792515979000&amp;usg=AOvVaw0lYhSTsp-s2ulAtY1mnYQX\">clique aqui<\/a><\/div>\n<div><\/div>\n<div><\/div>\n<p>&nbsp;<\/p>\n<\/div>\n\t\t\t\t<\/div>\n\t\t\t<\/div>\n<div class=\"panel panel-default\">\n\t\t\t\t<div class=\"panel-heading\">\n\t\t\t\t\t<h4 class=\"panel-title\">\n\t\t\t\t\t\t<a class=\"collapsed\" data-toggle=\"collapse\" data-parent=\"#custom-collapse-0\" href=\"#custom-collapse-0-2\"><strong>Requerimento Acad\u00eamico<\/strong><\/a>\n\t\t\t\t\t<\/h4>\n\t\t\t\t<\/div>\n\t\t\t\t<div id=\"custom-collapse-0-2\" class=\"panel-collapse collapse\">\n\t\t\t\t\t<div class=\"panel-body\">\n<p style=\"text-align: justify\">Para a emiss\u00e3o dos Requerimentos Acad\u00eamico, eles dever\u00e3o ser solicitados no site da Prograd\/UFMS: <a href=\"https:\/\/prograd.ufms.br\/requerimento-academico\/\">clique aqui<\/a><\/p>\n<\/div>\n\t\t\t\t<\/div>\n\t\t\t<\/div>\n<\/div>\n<\/div>\n<div class=\"col-md-6\">\n<div class=\"panel-group\" id=\"custom-collapse-1\">\n<div class=\"panel panel-default\">\n\t\t\t\t<div class=\"panel-heading\">\n\t\t\t\t\t<h4 class=\"panel-title\">\n\t\t\t\t\t\t<a class=\"collapsed\" data-toggle=\"collapse\" data-parent=\"#custom-collapse-1\" href=\"#custom-collapse-1-3\"><strong>Requerimentos de Egressos:<\/strong><\/a>\n\t\t\t\t\t<\/h4>\n\t\t\t\t<\/div>\n\t\t\t\t<div id=\"custom-collapse-1-3\" class=\"panel-collapse collapse\">\n\t\t\t\t\t<div class=\"panel-body\">\n<p style=\"text-align: justify\">Para as solicita\u00e7\u00f5es de Requerimento de Egressos (Ex-Alunos), tais como Hist\u00f3rico Escolar, Declara\u00e7\u00e3o de Matr\u00edcula, Ementas das Disciplinas e 2\u00aa via de Diploma, <a href=\"https:\/\/prograd.ufms.br\/aluno-egresso\/\">clique aqui<\/a><\/p>\n<\/div>\n\t\t\t\t<\/div>\n\t\t\t<\/div>\n<div class=\"panel panel-default\">\n\t\t\t\t<div class=\"panel-heading\">\n\t\t\t\t\t<h4 class=\"panel-title\">\n\t\t\t\t\t\t<a class=\"collapsed\" data-toggle=\"collapse\" data-parent=\"#custom-collapse-1\" href=\"#custom-collapse-1-4\"><strong>2\u00aa Via de Diploma - Extravio <\/strong><\/a>\n\t\t\t\t\t<\/h4>\n\t\t\t\t<\/div>\n\t\t\t\t<div id=\"custom-collapse-1-4\" class=\"panel-collapse collapse\">\n\t\t\t\t\t<div class=\"panel-body\">\n<p style=\"text-align: justify\">Acessar o <strong>Requerimento Ex-Aluno:<\/strong>\u00a0<a href=\"https:\/\/prograd.ufms.br\/aluno-egresso\/\">clique aqui<\/a><\/p>\n<p style=\"text-align: justify\">Anexar os seguintes documentos no requerimento:<\/p>\n<ul style=\"text-align: justify\">\n<li style=\"text-align: justify\">Boletim de Ocorr\u00eancia (devidamente assinado\/com certifica\u00e7\u00e3o digital);<\/li>\n<li style=\"text-align: justify\">Guia de Recolhimento da Uni\u00e3o devidamente paga; valor: R$ 130,00, conforme Resolu\u00e7\u00e3o n\u00ba1\/2018, do Conselho Diretor); Para emiss\u00e3o de Guia de Recolhimento da Uni\u00e3o, acesse: <a href=\"https:\/\/recolhimento.ufms.br\/publico\">https:\/\/recolhimento.ufms.br\/publico<\/a>, op\u00e7\u00e3o \u201cRegistro de Diploma Expedido pela UFMS e Demais Institui\u00e7\u00f5es Particulares (2\u00aa via)\u201d;<\/li>\n<li style=\"text-align: justify\">Certid\u00e3o de Nascimento\/Casamento;<\/li>\n<li style=\"text-align: justify\">RG.<\/li>\n<\/ul>\n<p style=\"text-align: justify\">M\u00e9dia de prazo para emiss\u00e3o de segunda via de diploma: 60 dias.<\/p>\n<\/div>\n\t\t\t\t<\/div>\n\t\t\t<\/div>\n<div class=\"panel panel-default\">\n\t\t\t\t<div class=\"panel-heading\">\n\t\t\t\t\t<h4 class=\"panel-title\">\n\t\t\t\t\t\t<a class=\"collapsed\" data-toggle=\"collapse\" data-parent=\"#custom-collapse-1\" href=\"#custom-collapse-1-5\"><strong>2\u00aa Via de Diploma - Avaria<\/strong><\/a>\n\t\t\t\t\t<\/h4>\n\t\t\t\t<\/div>\n\t\t\t\t<div id=\"custom-collapse-1-5\" class=\"panel-collapse collapse\">\n\t\t\t\t\t<div class=\"panel-body\">\n<p style=\"text-align: justify\">Acessar o\u00a0\u00a0<strong>Requerimento Ex-Aluno:<\/strong>\u00a0<a href=\"https:\/\/prograd.ufms.br\/aluno-egresso\/\">clique aqui<\/a><\/p>\n<p style=\"text-align: justify\">Anexar os seguintes documentos no requerimento:<\/p>\n<ul style=\"text-align: justify\">\n<li>Diploma Avariado;<\/li>\n<li>Guia de Recolhimento da Uni\u00e3o devidamente paga; valor: R$ 130,00, conforme Resolu\u00e7\u00e3o n\u00ba1\/2018, do Conselho Diretor; Para emiss\u00e3o de\u00a0 Guia de Recolhimento da Uni\u00e3o, acesse: <a href=\"https:\/\/recolhimento.ufms.br\/publico\">https:\/\/recolhimento.ufms.br\/publico<\/a>, op\u00e7\u00e3o \u201cRegistro de Diploma Expedido pela UFMS e Demais Institui\u00e7\u00f5es Particulares (2\u00aa via)\u201d);<\/li>\n<li>Certid\u00e3o de Nascimento\/Casamento;<\/li>\n<li>RG.<\/li>\n<\/ul>\n<p style=\"text-align: justify\">M\u00e9dia de prazo para emiss\u00e3o de segunda via de diploma: 60 dias.<\/p>\n<\/div>\n\t\t\t\t<\/div>\n\t\t\t<\/div>\n<div class=\"panel panel-default\">\n\t\t\t\t<div class=\"panel-heading\">\n\t\t\t\t\t<h4 class=\"panel-title\">\n\t\t\t\t\t\t<a class=\"collapsed\" data-toggle=\"collapse\" data-parent=\"#custom-collapse-1\" href=\"#custom-collapse-1-6\"><strong>Informa\u00e7\u00f5es Importantes<\/strong><\/a>\n\t\t\t\t\t<\/h4>\n\t\t\t\t<\/div>\n\t\t\t\t<div id=\"custom-collapse-1-6\" class=\"panel-collapse collapse\">\n\t\t\t\t\t<div class=\"panel-body\">\n<p style=\"text-align: justify\">Clique no link para ter acesso as informa\u00e7\u00f5es importantes para os acad\u00eamicos. <a href=\"https:\/\/cpaq.ufms.br\/00-novos\/seaac\/seaac-informacoes-importantes\/\">Clique Aqui<\/a><\/p>\n<\/div>\n\t\t\t\t<\/div>\n\t\t\t<\/div>\n<\/div>\n<\/div>\n<\/div>\n<p style=\"text-align: justify\"><div class=\"panel-group\" id=\"custom-collapse-2\">\n<div class=\"panel panel-default\">\n\t\t\t\t<div class=\"panel-heading\">\n\t\t\t\t\t<h4 class=\"panel-title\">\n\t\t\t\t\t\t<a class=\"collapsed\" data-toggle=\"collapse\" data-parent=\"#custom-collapse-2\" href=\"#custom-collapse-2-7\">Curr\u00edculo<\/a>\n\t\t\t\t\t<\/h4>\n\t\t\t\t<\/div>\n\t\t\t\t<div id=\"custom-collapse-2-7\" class=\"panel-collapse collapse\">\n\t\t\t\t\t<div class=\"panel-body\">\n<p style=\"text-align: justify\">Possui Gradua\u00e7\u00e3o em Geografia, Licenciatura, pela Universidade Federal de Mato Grosso do Sul (UFMS &#8211; 2004); Especializa\u00e7\u00e3o em MBA em Gest\u00e3o de Recursos Humanos pela Faculdade de Tecnologia Internacional (Fatec &#8211; 2010); Atualmente, \u00e9 T\u00e9cnico em Assuntos Educacionais da Universidade Federal de Mato Grosso do Sul.<\/p>\n<p style=\"text-align: justify\"><\/div>\n\t\t\t\t<\/div>\n\t\t\t<\/div>\n<div class=\"panel panel-default\">\n\t\t\t\t<div class=\"panel-heading\">\n\t\t\t\t\t<h4 class=\"panel-title\">\n\t\t\t\t\t\t<a class=\"collapsed\" data-toggle=\"collapse\" data-parent=\"#custom-collapse-2\" href=\"#custom-collapse-2-8\"><strong>Equipe de Servidores<\/strong><\/a>\n\t\t\t\t\t<\/h4>\n\t\t\t\t<\/div>\n\t\t\t\t<div id=\"custom-collapse-2-8\" class=\"panel-collapse collapse\">\n\t\t\t\t\t<div class=\"panel-body\">\n<p><span data-uw-styling-context=\"true\"><strong data-uw-styling-context=\"true\">Equipe de Apoio ao Acompanhamento Acad\u00eamico<\/strong><\/span><\/p>\n<ul>\n<li>\n<p data-uw-styling-context=\"true\"><span data-uw-styling-context=\"true\"><strong data-uw-styling-context=\"true\">Assistente em Administra\u00e7\u00e3o<\/strong><\/span><\/p>\n<p data-uw-styling-context=\"true\"><em><strong>L\u00eaucia de Lima Almeida<\/strong><\/em> &#8211; Telefone: (67) 3241-0415 \/ Ramal: 2415<\/p>\n<\/li>\n<li>\n<p data-uw-styling-context=\"true\"><b>T\u00e9cnico em Assuntos Educacionais<\/b><\/p>\n<p data-uw-styling-context=\"true\"><b><i>Marco T\u00falio Corr\u00eaa Nascimento dos Santos<\/i><\/b> &#8211; Telefone: (67) 3241-0409 \/ Ramal: 2409<\/p>\n<\/li>\n<\/ul>\n<\/div>\n\t\t\t\t<\/div>\n\t\t\t<\/div>\n<\/div>\n","protected":false},"excerpt":{"rendered":"<p>Secret\u00e1rio de Acompanhamento Acad\u00eamico Alberto dos Santos Gonzales Telefone: (67) 3241-0425 \/ Ramal: 2425 E-mail:\u00a0secac.cpaq@ufms.br \u00c9 a unidade respons\u00e1vel pela orienta\u00e7\u00e3o, acompanhamento e execu\u00e7\u00e3o das atividades de controle escolar, nas Unidades da Administra\u00e7\u00e3o Setorial, bem como de apoio \u00e0 administra\u00e7\u00e3o acad\u00eamica. Hor\u00e1rio de funcionamento: de segunda a sexta; das 7h \u00e0s 11h e das 13h [&hellip;]<\/p>\n","protected":false},"author":1449,"featured_media":30500,"parent":30416,"menu_order":0,"comment_status":"closed","ping_status":"closed","template":"page-templates\/page-coordenadorias.php","meta":{"footnotes":""},"coauthors":[],"class_list":["post-29641","page","type-page","status-publish","has-post-thumbnail","hentry"],"_links":{"self":[{"href":"https:\/\/cpaq.ufms.br\/en\/wp-json\/wp\/v2\/pages\/29641","targetHints":{"allow":["GET"]}}],"collection":[{"href":"https:\/\/cpaq.ufms.br\/en\/wp-json\/wp\/v2\/pages"}],"about":[{"href":"https:\/\/cpaq.ufms.br\/en\/wp-json\/wp\/v2\/types\/page"}],"author":[{"embeddable":true,"href":"https:\/\/cpaq.ufms.br\/en\/wp-json\/wp\/v2\/users\/1449"}],"replies":[{"embeddable":true,"href":"https:\/\/cpaq.ufms.br\/en\/wp-json\/wp\/v2\/comments?post=29641"}],"version-history":[{"count":38,"href":"https:\/\/cpaq.ufms.br\/en\/wp-json\/wp\/v2\/pages\/29641\/revisions"}],"predecessor-version":[{"id":34981,"href":"https:\/\/cpaq.ufms.br\/en\/wp-json\/wp\/v2\/pages\/29641\/revisions\/34981"}],"up":[{"embeddable":true,"href":"https:\/\/cpaq.ufms.br\/en\/wp-json\/wp\/v2\/pages\/30416"}],"wp:featuredmedia":[{"embeddable":true,"href":"https:\/\/cpaq.ufms.br\/en\/wp-json\/wp\/v2\/media\/30500"}],"wp:attachment":[{"href":"https:\/\/cpaq.ufms.br\/en\/wp-json\/wp\/v2\/media?parent=29641"}],"wp:term":[{"taxonomy":"author","embeddable":true,"href":"https:\/\/cpaq.ufms.br\/en\/wp-json\/wp\/v2\/coauthors?post=29641"}],"curies":[{"name":"wp","href":"https:\/\/api.w.org\/{rel}","templated":true}]}}