{"id":29627,"date":"2022-03-16T15:52:37","date_gmt":"2022-03-16T19:52:37","guid":{"rendered":"https:\/\/cpaq.ufms.br\/?page_id=29627"},"modified":"2025-06-01T18:12:07","modified_gmt":"2025-06-01T22:12:07","slug":"coac","status":"publish","type":"page","link":"https:\/\/cpaq.ufms.br\/en\/00-novos\/coac\/","title":{"rendered":"COAC &#8211; Coordena\u00e7\u00e3o de Gest\u00e3o Acad\u00eamica"},"content":{"rendered":"<p data-uw-styling-context=\"true\"><strong data-uw-styling-context=\"true\">Coordenadora de Gest\u00e3o Acad\u00eamica<\/strong><\/p>\n<p data-uw-styling-context=\"true\"><em><strong>Adriana Wagner<\/strong><\/em><\/p>\n<p data-uw-styling-context=\"true\"><strong>Telefone:<\/strong> 3241-0420 \/ Ramal: 2420<\/p>\n<p data-uw-styling-context=\"true\"><strong data-uw-styling-context=\"true\">E-mail:<\/strong>\u00a0<a href=\"mailto:coad.cpaq@ufms.br\" data-uw-styling-context=\"true\">coac.cpaq@ufms.br<\/a><\/p>\n<p>A Coac \u00e9 a unidade respons\u00e1vel por assessorar a Dire\u00e7\u00e3o da Unidade Setorial e colaborar com as necessidades que tangem \u00e0s \u00e1reas de gest\u00e3o acad\u00eamica e pedag\u00f3gicas.<\/p>\n<p data-uw-styling-context=\"true\"><strong data-uw-styling-context=\"true\">Hor\u00e1rio de atendimento:\u00a0<\/strong>de segunda a sexta; das 7h \u00e0s 11h e das 13h \u00e0s 17h.<\/p>\n<p data-uw-styling-context=\"true\">Mapeamento de processos: <a href=\"https:\/\/cpaq.ufms.br\/coac-mapeamento-de-processos\/\">Clique aqui.<\/a><\/p>\n<div class=\"panel-group\" id=\"custom-collapse-0\">\n<div class=\"panel panel-default\">\n\t\t\t\t<div class=\"panel-heading\">\n\t\t\t\t\t<h4 class=\"panel-title\">\n\t\t\t\t\t\t<a class=\"collapsed\" data-toggle=\"collapse\" data-parent=\"#custom-collapse-0\" href=\"#custom-collapse-0-0\">Curr\u00edculo<\/a>\n\t\t\t\t\t<\/h4>\n\t\t\t\t<\/div>\n\t\t\t\t<div id=\"custom-collapse-0-0\" class=\"panel-collapse collapse\">\n\t\t\t\t\t<div class=\"panel-body\">\n<p style=\"text-align: justify\">Possui Gradua\u00e7\u00e3o em Matem\u00e1tica pela Universidade Estadual de Maring\u00e1 (UEM &#8211; 2004), Mestrado em Matem\u00e1tica pela Universidade Estadual de Maring\u00e1 (UEM &#8211; 2008) e Doutorado em Matem\u00e1tica Aplicada pela Universidade Estadual de Campinas (Unicamp &#8211; 2016); Atualmente, \u00e9 Professora Adjunta da Universidade Federal de Mato Grosso do Sul (UFMS); Tem experi\u00eancia na \u00e1rea de Matem\u00e1tica, com \u00eanfase em \u00c1lgebra e Combinat\u00f3ria, atuando, principalmente, nos seguintes temas: Grupos, An\u00e9is, Corpos, Parti\u00e7\u00f5es e Teoria de N\u00fameros.<\/div>\n\t\t\t\t<\/div>\n\t\t\t<\/div>\n<div class=\"panel panel-default\">\n\t\t\t\t<div class=\"panel-heading\">\n\t\t\t\t\t<h4 class=\"panel-title\">\n\t\t\t\t\t\t<a class=\"collapsed\" data-toggle=\"collapse\" data-parent=\"#custom-collapse-0\" href=\"#custom-collapse-0-1\"><strong>Compet\u00eancias do Coordenador de Gest\u00e3o Acad\u00eamica<\/strong><\/a>\n\t\t\t\t\t<\/h4>\n\t\t\t\t<\/div>\n\t\t\t\t<div id=\"custom-collapse-0-1\" class=\"panel-collapse collapse\">\n\t\t\t\t\t<div class=\"panel-body\">\n<p style=\"text-align: justify\">Colaborar com a Dire\u00e7\u00e3o da Unidade da Administra\u00e7\u00e3o Setorial na elabora\u00e7\u00e3o do plano de capacita\u00e7\u00e3o de docentes, o qual deve obedecer \u00e0s diretrizes e \u00e0s prioridades da pol\u00edtica de capacita\u00e7\u00e3o docente da UFMS; elaborar, ouvidos os Coordenadores de Curso, a proposta de lista de oferta das disciplinas lotadas na Unidade; elaborar a proposta de distribui\u00e7\u00e3o de encargos docentes da Unidade, correspondentes \u00e0s cargas hor\u00e1rias contratuais; elaborar, com base na distribui\u00e7\u00e3o de encargos docentes, proposta de contrata\u00e7\u00e3o de docentes para atender as necessidades dos cursos; elaborar o plano de uso do espa\u00e7o f\u00edsico para as aulas te\u00f3ricas e pr\u00e1ticas das disciplinas lotadas na Unidade; propor a cria\u00e7\u00e3o de grupos de trabalho e de comiss\u00f5es para desenvolvimento de atividades no \u00e2mbito da Unidade da Administra\u00e7\u00e3o Setorial; divulgar e orientar os docentes quanto \u00e0s diretrizes e \u00e0s normas relacionadas \u00e0 \u00e1rea acad\u00eamica; encaminhar ao Conselho de Unidade o plano de gest\u00e3o de servidores para a execu\u00e7\u00e3o das atividades acad\u00eamicas desenvolvidas pela Unidade da Administra\u00e7\u00e3o Setorial; divulgar as informa\u00e7\u00f5es referentes \u00e0 pesquisa, ao ensino e \u00e0 extens\u00e3o, desenvolvidas na Unidade da Administra\u00e7\u00e3o Setorial; e colaborar com os Diretores das Unidades da Administra\u00e7\u00e3o Setorial na organiza\u00e7\u00e3o, na harmoniza\u00e7\u00e3o e na integra\u00e7\u00e3o dos programas das disciplinas e dos planos de ensino.<\/p>\n<\/div>\n\t\t\t\t<\/div>\n\t\t\t<\/div>\n<div class=\"panel panel-default\">\n\t\t\t\t<div class=\"panel-heading\">\n\t\t\t\t\t<h4 class=\"panel-title\">\n\t\t\t\t\t\t<a class=\"collapsed\" data-toggle=\"collapse\" data-parent=\"#custom-collapse-0\" href=\"#custom-collapse-0-2\"><strong>Equipe de Servidores<\/strong><\/a>\n\t\t\t\t\t<\/h4>\n\t\t\t\t<\/div>\n\t\t\t\t<div id=\"custom-collapse-0-2\" class=\"panel-collapse collapse\">\n\t\t\t\t\t<div class=\"panel-body\">\n<p><strong>Unidade de Apoio a Gest\u00e3o Acad\u00eamica<\/strong><\/p>\n<p data-uw-styling-context=\"true\">Cl\u00e1udia Regina de Souza Nogueira &#8211;\u00a0Telefone: (67) 3241-0421 (ramal 2421)<\/p>\n<p data-uw-styling-context=\"true\">Geovandir Andr\u00e9 Lordano- Telefone: (67) 3241-0417 (ramal 2417)<\/p>\n<p data-uw-styling-context=\"true\">Noeli da Silva Santos &#8211; Telefone: (67) 3241-0419 (ramal 2419)<\/p>\n<\/div>\n\t\t\t\t<\/div>\n\t\t\t<\/div>\n<\/div>\n","protected":false},"excerpt":{"rendered":"<p>Coordenadora de Gest\u00e3o Acad\u00eamica Adriana Wagner Telefone: 3241-0420 \/ Ramal: 2420 E-mail:\u00a0coac.cpaq@ufms.br A Coac \u00e9 a unidade respons\u00e1vel por assessorar a Dire\u00e7\u00e3o da Unidade Setorial e colaborar com as necessidades que tangem \u00e0s \u00e1reas de gest\u00e3o acad\u00eamica e pedag\u00f3gicas. Hor\u00e1rio de atendimento:\u00a0de segunda a sexta; das 7h \u00e0s 11h e das 13h \u00e0s 17h. Mapeamento [&hellip;]<\/p>\n","protected":false},"author":1449,"featured_media":11127,"parent":30416,"menu_order":0,"comment_status":"closed","ping_status":"closed","template":"page-templates\/page-coordenadorias.php","meta":{"footnotes":""},"coauthors":[79],"class_list":["post-29627","page","type-page","status-publish","has-post-thumbnail","hentry"],"_links":{"self":[{"href":"https:\/\/cpaq.ufms.br\/en\/wp-json\/wp\/v2\/pages\/29627","targetHints":{"allow":["GET"]}}],"collection":[{"href":"https:\/\/cpaq.ufms.br\/en\/wp-json\/wp\/v2\/pages"}],"about":[{"href":"https:\/\/cpaq.ufms.br\/en\/wp-json\/wp\/v2\/types\/page"}],"author":[{"embeddable":true,"href":"https:\/\/cpaq.ufms.br\/en\/wp-json\/wp\/v2\/users\/1449"}],"replies":[{"embeddable":true,"href":"https:\/\/cpaq.ufms.br\/en\/wp-json\/wp\/v2\/comments?post=29627"}],"version-history":[{"count":20,"href":"https:\/\/cpaq.ufms.br\/en\/wp-json\/wp\/v2\/pages\/29627\/revisions"}],"predecessor-version":[{"id":37288,"href":"https:\/\/cpaq.ufms.br\/en\/wp-json\/wp\/v2\/pages\/29627\/revisions\/37288"}],"up":[{"embeddable":true,"href":"https:\/\/cpaq.ufms.br\/en\/wp-json\/wp\/v2\/pages\/30416"}],"wp:featuredmedia":[{"embeddable":true,"href":"https:\/\/cpaq.ufms.br\/en\/wp-json\/wp\/v2\/media\/11127"}],"wp:attachment":[{"href":"https:\/\/cpaq.ufms.br\/en\/wp-json\/wp\/v2\/media?parent=29627"}],"wp:term":[{"taxonomy":"author","embeddable":true,"href":"https:\/\/cpaq.ufms.br\/en\/wp-json\/wp\/v2\/coauthors?post=29627"}],"curies":[{"name":"wp","href":"https:\/\/api.w.org\/{rel}","templated":true}]}}