{"id":29620,"date":"2022-03-16T14:41:08","date_gmt":"2022-03-16T18:41:08","guid":{"rendered":"https:\/\/cpaq.ufms.br\/?page_id=29620"},"modified":"2025-06-01T18:14:41","modified_gmt":"2025-06-01T22:14:41","slug":"comissoes-de-ensino-pesquisa-e-extensao","status":"publish","type":"page","link":"https:\/\/cpaq.ufms.br\/en\/00-novos\/comissoes-de-ensino-pesquisa-e-extensao\/","title":{"rendered":"Comiss\u00f5es de Ensino, Pesquisa e Extens\u00e3o"},"content":{"rendered":"<p style=\"text-align: justify\" data-uw-styling-context=\"true\"><div class=\"panel-group\" id=\"custom-collapse-0\">\n<div class=\"panel panel-default\">\n\t\t\t\t<div class=\"panel-heading\">\n\t\t\t\t\t<h4 class=\"panel-title\">\n\t\t\t\t\t\t<a class=\"collapsed\" data-toggle=\"collapse\" data-parent=\"#custom-collapse-0\" href=\"#custom-collapse-0-0\">Comiss\u00e3o de Ensino<\/a>\n\t\t\t\t\t<\/h4>\n\t\t\t\t<\/div>\n\t\t\t\t<div id=\"custom-collapse-0-0\" class=\"panel-collapse collapse\">\n\t\t\t\t\t<div class=\"panel-body\">\n<p style=\"text-align: justify\" data-uw-styling-context=\"true\"><strong data-uw-styling-context=\"true\">Membros<\/strong>:<\/p>\n<ul style=\"text-align: justify\" data-uw-styling-context=\"true\">\n<li data-uw-styling-context=\"true\">ADRIANA WAGNER \u2013 Presidente<\/li>\n<li data-uw-styling-context=\"true\">EMERSON FIGUEIREDO LEITE<\/li>\n<li data-uw-styling-context=\"true\">EDIHANNE GAMARRA ARGUELHO<\/li>\n<li data-uw-styling-context=\"true\">DIRCE FERREIRA LUZ<\/li>\n<li data-uw-styling-context=\"true\">MARIANA APARECIDA EUFLAUSINO DOS SANTOS<\/li>\n<\/ul>\n<p style=\"text-align: justify\" data-uw-styling-context=\"true\"><strong data-uw-styling-context=\"true\">Fun\u00e7\u00e3o<\/strong>: fixar seu cronograma de reuni\u00f5es; estabelecer os crit\u00e9rios de an\u00e1lise dos impactos dos Eventos Acad\u00eamicos de Gradua\u00e7\u00e3o e analisar os projetos de eventos e seus respectivos relat\u00f3rios conforme esses crit\u00e9rios; e emitir parecer ao Conselho de Ensino de Gradua\u00e7\u00e3o a respeito de recursos interpostos \u00e0s decis\u00f5es dos Conselhos de Unidade das Unidades da Administra\u00e7\u00e3o Setorial quanto ao julgamento dos projetos e relat\u00f3rios dos Eventos Acad\u00eamicos de Gradua\u00e7\u00e3o.<\/p>\n<p style=\"text-align: justify\" data-uw-styling-context=\"true\"><strong data-uw-styling-context=\"true\">Contato<\/strong>: adriana.wagner@ufms.br (presidente) \u00a0&#8211; Telefone: 3241-0420 \/ Ramal: 2420<\/p>\n<p style=\"text-align: justify\" data-uw-styling-context=\"true\"><strong data-uw-styling-context=\"true\">Ato de publica\u00e7\u00e3o<\/strong>: <a href=\"https:\/\/cpaq.ufms.br\/files\/2024\/08\/SEI_UFMS-4125480-Portaria-de-Pessoal-1.pdf\">Portaria n\u00ba 99 &#8211; CPAQ\/UFMS, de 12 de junho de 2023<\/a><\/p>\n<p data-uw-styling-context=\"true\"><\/div>\n\t\t\t\t<\/div>\n\t\t\t<\/div>\n<p style=\"text-align: justify\" data-uw-styling-context=\"true\"><div class=\"panel panel-default\">\n\t\t\t\t<div class=\"panel-heading\">\n\t\t\t\t\t<h4 class=\"panel-title\">\n\t\t\t\t\t\t<a class=\"collapsed\" data-toggle=\"collapse\" data-parent=\"#custom-collapse-0\" href=\"#custom-collapse-0-1\">Comiss\u00e3o de Pesquisa<\/a>\n\t\t\t\t\t<\/h4>\n\t\t\t\t<\/div>\n\t\t\t\t<div id=\"custom-collapse-0-1\" class=\"panel-collapse collapse\">\n\t\t\t\t\t<div class=\"panel-body\">\n<p style=\"text-align: justify\" data-uw-styling-context=\"true\"><strong data-uw-styling-context=\"true\">Membros<\/strong>:<\/p>\n<ul data-uw-styling-context=\"true\">\n<li style=\"text-align: justify\" data-uw-styling-context=\"true\">JULIO CESAR DE SOUZA &#8211; Presidente<\/li>\n<li data-uw-styling-context=\"true\">CLAUDIA REGINA DE SOUZA NOGUEIRA<\/li>\n<li style=\"text-align: justify\" data-uw-styling-context=\"true\">ELOISE MELLO VIANA DE MORAES<\/li>\n<li style=\"text-align: justify\" data-uw-styling-context=\"true\">FLAVIO DA ROCHA BENAYON<\/li>\n<li style=\"text-align: justify\" data-uw-styling-context=\"true\">JANETE ROSA DA FONSECA<\/li>\n<li style=\"text-align: justify\" data-uw-styling-context=\"true\">JOSE ALONSO TORRES FREIRE<\/li>\n<li style=\"text-align: justify\" data-uw-styling-context=\"true\">MIGUEL RODRIGUES DE SOUSA NETO<\/li>\n<li style=\"text-align: justify\" data-uw-styling-context=\"true\">RICARDO HENRIQUE GENTIL PEREIRA<\/li>\n<li style=\"text-align: justify\" data-uw-styling-context=\"true\">VICENTE ROCHA SILVA<\/li>\n<li style=\"text-align: justify\" data-uw-styling-context=\"true\">VIN\u00cdCIUS OLIVEIRA DE OLIVEIRA<\/li>\n<\/ul>\n<p style=\"text-align: justify\" data-uw-styling-context=\"true\"><strong data-uw-styling-context=\"true\">Fun\u00e7\u00e3o<\/strong>:<span data-uw-styling-context=\"true\">\u00a0analisar e dar parecer a projetos de p\u00f3s-gradua\u00e7\u00e3o\u00a0<\/span><i data-uw-styling-context=\"true\"><span data-uw-styling-context=\"true\">lato sensu<\/span><\/i><span data-uw-styling-context=\"true\">; conduzir estudos para a cria\u00e7\u00e3o de revistas e peri\u00f3dicos no Campus de Aquidauana.<\/span><\/p>\n<p style=\"text-align: justify\" data-uw-styling-context=\"true\"><strong data-uw-styling-context=\"true\">Contato:\u00a0<\/strong><a href=\"mailto:cpp.cpaq@ufms.br\" data-uw-styling-context=\"true\">cpp.cpaq@ufms.br<\/a>\u00a0 &#8211; Telefone: 3241-0400 \/ Ramal: 2400<\/p>\n<p style=\"text-align: justify\" data-uw-styling-context=\"true\"><strong data-uw-styling-context=\"true\">Ato de publica\u00e7\u00e3o<\/strong>: <a href=\"https:\/\/boletimoficial.ufms.br\/bse\/publicacao?id=535710\">Resolu\u00e7\u00e3o n\u00ba 1117-CAS\/CPAQ\/UFMS, de 20 de setembro de 2024.<\/a><\/p>\n<p class=\"big_title\" style=\"text-align: justify\" data-uw-styling-context=\"true\"><\/div>\n\t\t\t\t<\/div>\n\t\t\t<\/div>\n<div class=\"panel panel-default\">\n\t\t\t\t<div class=\"panel-heading\">\n\t\t\t\t\t<h4 class=\"panel-title\">\n\t\t\t\t\t\t<a class=\"collapsed\" data-toggle=\"collapse\" data-parent=\"#custom-collapse-0\" href=\"#custom-collapse-0-2\">Comiss\u00e3o de Extens\u00e3o<\/a>\n\t\t\t\t\t<\/h4>\n\t\t\t\t<\/div>\n\t\t\t\t<div id=\"custom-collapse-0-2\" class=\"panel-collapse collapse\">\n\t\t\t\t\t<div class=\"panel-body\">\n<p style=\"text-align: justify\" data-uw-styling-context=\"true\"><strong data-uw-styling-context=\"true\">Membros<\/strong>:<\/p>\n<ul style=\"text-align: justify\" data-uw-styling-context=\"true\">\n<li data-uw-styling-context=\"true\">ADRIANA WAGNER \u2013 Presidente<\/li>\n<li data-uw-styling-context=\"true\">KAROLINE FERREIRA KINOSHITA GOES<\/li>\n<li data-uw-styling-context=\"true\">MARIANA APARECIDA EUFLAUSINO DOS SANTOS<\/li>\n<\/ul>\n<p style=\"text-align: justify\" data-uw-styling-context=\"true\"><strong data-uw-styling-context=\"true\">Fun\u00e7\u00e3o<\/strong>: analisar e avaliar, em primeira inst\u00e2ncia, as propostas de A\u00e7\u00f5es de Extens\u00e3o e os relat\u00f3rios parciais e finais de extens\u00e3o; constituir um f\u00f3rum permanente de discuss\u00e3o para estabelecer a Pol\u00edtica de Extens\u00e3o da Unidade; emitir parecer quanto \u00e0 compatibilidade da A\u00e7\u00e3o de Extens\u00e3o com as diretrizes da unidade, estrutura dispon\u00edvel para a realiza\u00e7\u00e3o da a\u00e7\u00e3o, compatibilidade da carga hor\u00e1ria com o alcance dos objetivos propostos, al\u00e9m de outros aspectos que se relacionem com a Unidade; propor a jun\u00e7\u00e3o ou articula\u00e7\u00e3o de A\u00e7\u00f5es de Extens\u00e3o em vig\u00eancia nas Unidades da UFMS na forma de Programa de Extens\u00e3o; dar orienta\u00e7\u00e3o na elabora\u00e7\u00e3o das propostas de a\u00e7\u00f5es de extens\u00e3o e divulgar, entre os Servidores Docentes, T\u00e9cnico-Administrativos e os discentes, as atividades, normas e diretrizes da extens\u00e3o; e incentivar parceria com empresas e institui\u00e7\u00f5es da sociedade civil e com \u00f3rg\u00e3os p\u00fablicos em benef\u00edcio das A\u00e7\u00f5es de Extens\u00e3o com apoio da Pr\u00f3-Reitoria de Extens\u00e3o, Cultura e Esporte &#8211; Proece.<\/p>\n<p style=\"text-align: justify\" data-uw-styling-context=\"true\"><strong data-uw-styling-context=\"true\">Contato<\/strong>:\u00a0<a href=\"mailto:adriana.wagner@ufms.br\" data-uw-styling-context=\"true\">adriana.wagner@ufms.br<\/a> (Presidente) &#8211; Telefone: 3241-0400 \/ Ramal: 2400<\/p>\n<p style=\"text-align: justify\" data-uw-styling-context=\"true\"><strong data-uw-styling-context=\"true\">Ato de publica\u00e7\u00e3o<\/strong>: <a href=\"https:\/\/cpaq.ufms.br\/files\/2024\/08\/SEI_UFMS-3883696-Portaria-de-Pessoal-1.pdf\">Portaria n\u00ba 25-CPAQ\/UFMS, de 2 de mar\u00e7o de 2023.<\/a><\/p>\n<p style=\"text-align: justify\"><\/div>\n\t\t\t\t<\/div>\n\t\t\t<\/div>\n<p style=\"text-align: justify\"><\/div>\n","protected":false},"excerpt":{"rendered":"","protected":false},"author":1449,"featured_media":0,"parent":30416,"menu_order":0,"comment_status":"closed","ping_status":"closed","template":"","meta":{"footnotes":""},"coauthors":[79],"class_list":["post-29620","page","type-page","status-publish","hentry"],"_links":{"self":[{"href":"https:\/\/cpaq.ufms.br\/en\/wp-json\/wp\/v2\/pages\/29620","targetHints":{"allow":["GET"]}}],"collection":[{"href":"https:\/\/cpaq.ufms.br\/en\/wp-json\/wp\/v2\/pages"}],"about":[{"href":"https:\/\/cpaq.ufms.br\/en\/wp-json\/wp\/v2\/types\/page"}],"author":[{"embeddable":true,"href":"https:\/\/cpaq.ufms.br\/en\/wp-json\/wp\/v2\/users\/1449"}],"replies":[{"embeddable":true,"href":"https:\/\/cpaq.ufms.br\/en\/wp-json\/wp\/v2\/comments?post=29620"}],"version-history":[{"count":16,"href":"https:\/\/cpaq.ufms.br\/en\/wp-json\/wp\/v2\/pages\/29620\/revisions"}],"predecessor-version":[{"id":37289,"href":"https:\/\/cpaq.ufms.br\/en\/wp-json\/wp\/v2\/pages\/29620\/revisions\/37289"}],"up":[{"embeddable":true,"href":"https:\/\/cpaq.ufms.br\/en\/wp-json\/wp\/v2\/pages\/30416"}],"wp:attachment":[{"href":"https:\/\/cpaq.ufms.br\/en\/wp-json\/wp\/v2\/media?parent=29620"}],"wp:term":[{"taxonomy":"author","embeddable":true,"href":"https:\/\/cpaq.ufms.br\/en\/wp-json\/wp\/v2\/coauthors?post=29620"}],"curies":[{"name":"wp","href":"https:\/\/api.w.org\/{rel}","templated":true}]}}