{"id":29609,"date":"2022-03-16T13:58:08","date_gmt":"2022-03-16T17:58:08","guid":{"rendered":"https:\/\/cpaq.ufms.br\/?page_id=29609"},"modified":"2025-06-23T11:33:27","modified_gmt":"2025-06-23T15:33:27","slug":"direcao-cpaq","status":"publish","type":"page","link":"https:\/\/cpaq.ufms.br\/en\/00-novos\/direcao-cpaq\/","title":{"rendered":"Dire\u00e7\u00e3o do Campus de Aquidauana"},"content":{"rendered":"<p align=\"center\"><a href=\"https:\/\/cpaq.ufms.br\/files\/2025\/02\/WhatsApp-Image-2025-02-14-at-16.46.37.jpeg\"><img fetchpriority=\"high\" decoding=\"async\" class=\"alignnone size-medium wp-image-36427\" src=\"https:\/\/cpaq.ufms.br\/files\/2025\/02\/WhatsApp-Image-2025-02-14-at-16.46.37-231x300.jpeg\" alt=\"\" width=\"231\" height=\"300\" srcset=\"https:\/\/cpaq.ufms.br\/files\/2025\/02\/WhatsApp-Image-2025-02-14-at-16.46.37-231x300.jpeg 231w, https:\/\/cpaq.ufms.br\/files\/2025\/02\/WhatsApp-Image-2025-02-14-at-16.46.37-788x1024.jpeg 788w, https:\/\/cpaq.ufms.br\/files\/2025\/02\/WhatsApp-Image-2025-02-14-at-16.46.37-768x998.jpeg 768w, https:\/\/cpaq.ufms.br\/files\/2025\/02\/WhatsApp-Image-2025-02-14-at-16.46.37-246x320.jpeg 246w, https:\/\/cpaq.ufms.br\/files\/2025\/02\/WhatsApp-Image-2025-02-14-at-16.46.37.jpeg 985w\" sizes=\"(max-width: 231px) 100vw, 231px\" \/><\/a><\/p>\n<p style=\"text-align: center;margin: 0cm 0cm 7.9pt 0cm\" align=\"center\"><strong><i><span style=\"font-size: 10.5pt;font-family: 'Lato',sans-serif;color: #2c3e50\">Ana Graziele Louren\u00e7o Toledo<\/span><\/i><\/strong><\/p>\n<p style=\"text-align: center;margin: 0cm 0cm 7.9pt 0cm\" align=\"center\"><strong><span style=\"font-size: 10.5pt;font-family: 'Lato',sans-serif;color: #2c3e50\">Diretora do Campus de Aquidauana<\/span><\/strong><\/p>\n<p style=\"text-align: justify;margin: 0cm 0cm 7.9pt 0cm\"><strong><i><span style=\"font-size: 10.5pt;font-family: 'Lato',sans-serif;color: #2c3e50\">\u00a0<\/span><\/i><\/strong><\/p>\n<p style=\"text-align: justify;margin: 0cm 0cm 7.9pt 0cm\"><span style=\"font-size: 12pt;font-family: georgia, palatino, serif;color: #2c3e50;background: white\">Doutora em Administra\u00e7\u00e3o pela Escola de Administra\u00e7\u00e3o de Empresas de S\u00e3o Paulo (EAESP\/FGV); Mestre em Administra\u00e7\u00e3o pela Universidade Metodista de S\u00e3o Paulo (UMESP); Especialista em Gest\u00e3o de Pessoas nas Organiza\u00e7\u00f5es pela Universidade S\u00e3o Judas Tadeu (USJT); Bacharel em Administra\u00e7\u00e3o pelo Centro Universit\u00e1rio Claretiano (CEUCLAR); Tecn\u00f3loga em Secretariado Executivo Bil\u00edngue pela Universidade Braz Cubas (UBC); Pesquisa na \u00e1rea de Estrat\u00e9gia Empresarial (estrat\u00e9gias pol\u00edticas, empreendedorismo, inova\u00e7\u00e3o sustent\u00e1vel) e Gest\u00e3o P\u00fablica; Professora da Universidade Federal de Mato Grosso do Sul (UFMS); Diretora do Campus de Aquidauana (CPAQ) da UFMS.<\/span><i><\/i><\/p>\n<div><strong>Per\u00edodos do mandato:\u00a0<\/strong><\/div>\n<ul>\n<li>2021 a 2025<\/li>\n<li>2025 a 2029<\/li>\n<\/ul>\n<div><\/div>\n<p style=\"text-align: justify\" data-uw-styling-context=\"true\"><strong>Telefone:<\/strong> (67) 3241-0410 \/ Ramal: 2410 (Secretaria)<\/p>\n<p style=\"text-align: justify\" data-uw-styling-context=\"true\"><strong data-uw-styling-context=\"true\">E-mail:\u00a0<\/strong><a href=\"mailto:gab.cpaq@ufms.br\" data-uw-styling-context=\"true\">gab.cpaq@ufms.br<\/a><\/p>\n<p style=\"text-align: justify\" data-uw-styling-context=\"true\"><strong data-uw-styling-context=\"true\">Hor\u00e1rio de atendimento<\/strong>: de segunda a sexta-feira, das 7h \u00e0s 11h e 13h \u00e0s 17h.<\/p>\n<p style=\"text-align: justify\">Mapeamento de processos: <a href=\"https:\/\/cpaq.ufms.br\/direcao-mapeamento-de-processos\/\">Clique aqui<\/a><\/p>\n<div class=\"panel-group\" id=\"custom-collapse-0\">\n<div class=\"panel panel-default\">\n\t\t\t\t<div class=\"panel-heading\">\n\t\t\t\t\t<h4 class=\"panel-title\">\n\t\t\t\t\t\t<a class=\"collapsed\" data-toggle=\"collapse\" data-parent=\"#custom-collapse-0\" href=\"#custom-collapse-0-0\"><strong>Compet\u00eancias do Diretor<\/strong><\/a>\n\t\t\t\t\t<\/h4>\n\t\t\t\t<\/div>\n\t\t\t\t<div id=\"custom-collapse-0-0\" class=\"panel-collapse collapse\">\n\t\t\t\t\t<div class=\"panel-body\">\n<p style=\"text-align: justify\" data-uw-styling-context=\"true\">Convocar e presidir o Conselho da Unidade; dirigir, coordenar e supervisionar as atividades da Unidade; zelar pela fiel execu\u00e7\u00e3o do Estatuto, do Regimento Geral, do Regimento das Unidades Setoriais e demais normas; coordenar as atividades acad\u00eamicas e as administrativas da Unidade; zelar pelas informa\u00e7\u00f5es da Unidade mantidas no Sistema de Controle Acad\u00eamico; exercer a\u00e7\u00e3o disciplinar, no \u00e2mbito da unidade setorial, de acordo com o Regime Disciplinar da UFMS; coordenar a elabora\u00e7\u00e3o do Plano de Capacita\u00e7\u00e3o dos Servidores lotados na Unidade da Administra\u00e7\u00e3o Setorial, obedecidas \u00e0s diretrizes e \u00e0s prioridades estabelecidas no Plano de Desenvolvimento Institucional, encaminhando-o ao Conselho da Unidade; coordenar e aprovar o Plano de F\u00e9rias do pessoal lotado na Unidade, remetendo-os \u00e0 Unidade respons\u00e1vel pela gest\u00e3o de pessoas; opinar sobre processos referentes \u00e0 movimenta\u00e7\u00e3o de Servidores Docentes e T\u00e9cnico-Administrativos em Educa\u00e7\u00e3o; determinar, no \u00e2mbito da Unidade, a abertura de sindic\u00e2ncia e, quando necess\u00e1rio, propor ao(\u00e0) Reitor(a) a instaura\u00e7\u00e3o de Processo Administrativo Disciplinar; baixar atos normativos nos limites de suas compet\u00eancias; constituir comiss\u00e3o para normatiza\u00e7\u00e3o e acompanhamento dos processos de consulta e elei\u00e7\u00f5es no \u00e2mbito da sua compet\u00eancia; opinar sobre afastamento dos Servidores lotados na Unidade; opinar sobre a implementa\u00e7\u00e3o da Pol\u00edtica de Gest\u00e3o de Pessoas; submeter \u00e0s Unidades competentes as propostas de conv\u00eanios, de contratos e de outros instrumentos jur\u00eddicos de mesma natureza; encaminhar \u00e0 Reitoria relat\u00f3rios com os resultados dos programas e das a\u00e7\u00f5es de sua \u00e1rea de compet\u00eancia sempre que solicitado(a); apresentar ao Conselho da Unidade as propostas de projetos de ensino, pesquisa e de a\u00e7\u00f5es de extens\u00e3o que devem compor os planos de atividades de ensino, pesquisa e de extens\u00e3o da Unidade; designar Docentes para orienta\u00e7\u00e3o e tutoria de alunos de gradua\u00e7\u00e3o quando a forma de designa\u00e7\u00e3o n\u00e3o estiver prevista nas normas espec\u00edficas do programa; dirigir as atividades dos Servidores lotados na Unidade, promovendo o cumprimento das obriga\u00e7\u00f5es concernentes a cada um; zelar pela guarda e pela preserva\u00e7\u00e3o de equipamentos e de materiais permanentes sob sua responsabilidade; elaborar, para encaminhamento ao Conselho da Unidade, o Plano de Gest\u00e3o da Infraestrutura da Unidade, no qual constar\u00e3o as propostas de uso, de expans\u00e3o e de manuten\u00e7\u00e3o do espa\u00e7o f\u00edsico e as propostas de uso, de aquisi\u00e7\u00e3o e de manuten\u00e7\u00e3o de materiais e de equipamentos; e zelar pelas informa\u00e7\u00f5es no que tange \u00e0s atividades de ensino, de pesquisa, de extens\u00e3o e de presta\u00e7\u00e3o de servi\u00e7os desenvolvidos pelos Docentes lotados na Unidade.<\/p>\n<p data-uw-styling-context=\"true\">A fun\u00e7\u00e3o de Diretor de Unidade de Administra\u00e7\u00e3o Setorial ser\u00e1 exercida por Docente da Carreira do Magist\u00e9rio Superior da UFMS, nomeado(a) na forma da lei e, na sua aus\u00eancia, por um(a) Coordenador(a) de Curso por ele(a) indicado(a) e designado(a) pelo(a) Reitor(a).<\/p>\n<\/div>\n\t\t\t\t<\/div>\n\t\t\t<\/div>\n<div class=\"panel panel-default\">\n\t\t\t\t<div class=\"panel-heading\">\n\t\t\t\t\t<h4 class=\"panel-title\">\n\t\t\t\t\t\t<a class=\"collapsed\" data-toggle=\"collapse\" data-parent=\"#custom-collapse-0\" href=\"#custom-collapse-0-1\"><strong>Equipe de Servidores<\/strong><\/a>\n\t\t\t\t\t<\/h4>\n\t\t\t\t<\/div>\n\t\t\t\t<div id=\"custom-collapse-0-1\" class=\"panel-collapse collapse\">\n\t\t\t\t\t<div class=\"panel-body\">\n<p><strong>Gabinete da Dire\u00e7\u00e3o<\/strong><\/p>\n<ul>\n<li><strong><em>Renata Gehre de Oliveira Alvi\u00e7o<\/em><\/strong> \u2013 Telefone: (67) 3241-0410 \/ Ramal: 2410-\u00a0<strong>E-mail:\u00a0<\/strong><a href=\"mailto:gab.cpaq@ufms.br\">gab.cpaq@ufms.br<\/a><\/li>\n<li><strong><em>Maria Berenice Alves Maciel\u00a0<\/em><\/strong>\u2013\u00a0<strong>E-mail:\u00a0<\/strong><a href=\"mailto:gab.cpaq@ufms.br\">gab.cpaq@ufms.br<\/a><\/li>\n<li><strong><em>Tha\u00eds Lara Lacerda <\/em><\/strong>\u2013 Telefone: (67) 3241-0401 \/ Ramal: 2401-\u00a0<strong>E-mail:\u00a0<\/strong><a href=\"mailto:gab.cpaq@ufms.br\">gab.cpaq@ufms.br<\/a><\/li>\n<li><strong><em>Roseveter Guimar\u00e3es Dias<\/em><\/strong>\u00a0\u2013 Telefone: (67) 3241-0442 \/ Ramal: 2442<\/li>\n<\/ul>\n<p><strong>Coordenadora de Gest\u00e3o Acad\u00eamica<\/strong><\/p>\n<ul>\n<li><strong><em>Adriana Wagner<\/em><\/strong>\u00a0\u2013 Telefone: (67) 3241-0420 \/ Ramal: 2420 \u2013\u00a0<strong>E-mail:<\/strong>\u00a0<a href=\"mailto:coac.cpaq@ufms.br\">coac.cpaq@ufms.br<\/a>.<\/li>\n<\/ul>\n<p><strong>Coordenador Administrativo<\/strong><\/p>\n<ul>\n<li><strong><em>C\u00edcero Alex Lamb <\/em><\/strong>\u2013 Telefone: (67) 3241-0440 \/ Ramal: 2440 \u2013\u00a0<strong>E-mail:<\/strong>\u00a0<a href=\"mailto:coad.cpaq@ufms.br\">coad.cpaq@ufms.br<\/a><\/li>\n<\/ul>\n<p><strong>Secret\u00e1rio de Acompanhamento Acad\u00eamico<\/strong><\/p>\n<ul>\n<li><strong><em>Alberto dos Santos Gonzales <\/em><\/strong>\u2013 Telefone: (67) 3241-0425 \/ Ramal: 2425 \u2013 <strong>E-mail:<\/strong> <a href=\"mailto:secac.cpaq@ufms.br\" data-uw-styling-context=\"true\">secac.cpaq@ufms.br<\/a><\/li>\n<\/ul>\n<p><strong>PIME Aquidauana<\/strong><\/p>\n<ul>\n<li><strong><em>Leiza Inara Vargas dos Santos\u00a0<\/em><\/strong>\u2013 Telefone: (67) 3241-0402 \/ Ramal: 2402 \u2013\u00a0<strong>E-mail:<\/strong>\u00a0<a href=\"mailto:pime.cpaq@ufms.br\">pime.cpaq@ufms.br<\/a><\/li>\n<\/ul>\n<p><strong>Conselho de C\u00e2mpus\/Comunica\u00e7\u00e3o<\/strong><\/p>\n<ul>\n<li><strong><em>Thais Lara Lacerda<\/em><\/strong>\u00a0\u2013 Telefone: (67) 3241-0401 \/ Ramal: 240q &#8211; <strong>E-mail do CAS:<\/strong>\u00a0<a href=\"mailto:cc.cpaq@ufms.br\">cas.cpaq@ufms.br<\/a> e <strong>e-mail da Comunica\u00e7\u00e3o: <\/strong><a href=\"mailto:comunicacao.cpaq@ufms.br\"><u>comunicacao.cpaq@ufms.br <\/u><\/a><\/li>\n<\/ul>\n<p><strong>Centro de Documenta\u00e7\u00f5es Hist\u00f3ricas<\/strong><\/p>\n<ul>\n<li><strong><em>Ronaldo Rodrigues\u00a0<\/em><\/strong><em>\u2013\u00a0<\/em>Telefone: (67) 3241-0306 \/ Ramal: 2306<\/li>\n<\/ul>\n<p><strong>Laborat\u00f3rio de Cartografia<\/strong><\/p>\n<ul>\n<li><strong><em>Theo dos Reis Alvi\u00e7o<\/em><\/strong>\u00a0\u2013 Telefone: (67) 3241-0449 \/ Ramal: 2449<\/li>\n<\/ul>\n<p><strong>Unidade III \u2013 Centro Cultural<\/strong><\/p>\n<ul>\n<li><strong><em>Walmir Jorge<\/em><\/strong>\u00a0\u2013 Telefone: (67) 3241-0361 \/ Ramal: 2361<\/li>\n<\/ul>\n<p><strong>Laborat\u00f3rio de Inform\u00e1tica<\/strong><\/p>\n<ul>\n<li><strong><em>Ademar da Silva dos Santos<\/em><\/strong><em>\u00a0<\/em>\u2013 Telefone: (67) 3241-0448 \/ Ramal: 2448<\/li>\n<li><strong><em>Jos\u00e9 Orlando Cabral<\/em><\/strong> \u2013 Telefone: (67) 3241-0448 \/ Ramal: 2448<\/li>\n<\/ul>\n<\/div>\n\t\t\t\t<\/div>\n\t\t\t<\/div>\n<\/div>\n","protected":false},"excerpt":{"rendered":"<p>Ana Graziele Louren\u00e7o Toledo Diretora do Campus de Aquidauana \u00a0 Doutora em Administra\u00e7\u00e3o pela Escola de Administra\u00e7\u00e3o de Empresas de S\u00e3o Paulo (EAESP\/FGV); Mestre em Administra\u00e7\u00e3o pela Universidade Metodista de S\u00e3o Paulo (UMESP); Especialista em Gest\u00e3o de Pessoas nas Organiza\u00e7\u00f5es pela Universidade S\u00e3o Judas Tadeu (USJT); Bacharel em Administra\u00e7\u00e3o pelo Centro Universit\u00e1rio Claretiano (CEUCLAR); Tecn\u00f3loga [&hellip;]<\/p>\n","protected":false},"author":1449,"featured_media":30503,"parent":30416,"menu_order":0,"comment_status":"closed","ping_status":"closed","template":"page-templates\/page-coordenadorias.php","meta":{"footnotes":""},"coauthors":[79],"class_list":["post-29609","page","type-page","status-publish","has-post-thumbnail","hentry"],"_links":{"self":[{"href":"https:\/\/cpaq.ufms.br\/en\/wp-json\/wp\/v2\/pages\/29609","targetHints":{"allow":["GET"]}}],"collection":[{"href":"https:\/\/cpaq.ufms.br\/en\/wp-json\/wp\/v2\/pages"}],"about":[{"href":"https:\/\/cpaq.ufms.br\/en\/wp-json\/wp\/v2\/types\/page"}],"author":[{"embeddable":true,"href":"https:\/\/cpaq.ufms.br\/en\/wp-json\/wp\/v2\/users\/1449"}],"replies":[{"embeddable":true,"href":"https:\/\/cpaq.ufms.br\/en\/wp-json\/wp\/v2\/comments?post=29609"}],"version-history":[{"count":34,"href":"https:\/\/cpaq.ufms.br\/en\/wp-json\/wp\/v2\/pages\/29609\/revisions"}],"predecessor-version":[{"id":37356,"href":"https:\/\/cpaq.ufms.br\/en\/wp-json\/wp\/v2\/pages\/29609\/revisions\/37356"}],"up":[{"embeddable":true,"href":"https:\/\/cpaq.ufms.br\/en\/wp-json\/wp\/v2\/pages\/30416"}],"wp:featuredmedia":[{"embeddable":true,"href":"https:\/\/cpaq.ufms.br\/en\/wp-json\/wp\/v2\/media\/30503"}],"wp:attachment":[{"href":"https:\/\/cpaq.ufms.br\/en\/wp-json\/wp\/v2\/media?parent=29609"}],"wp:term":[{"taxonomy":"author","embeddable":true,"href":"https:\/\/cpaq.ufms.br\/en\/wp-json\/wp\/v2\/coauthors?post=29609"}],"curies":[{"name":"wp","href":"https:\/\/api.w.org\/{rel}","templated":true}]}}