{"id":29552,"date":"2022-03-15T13:51:45","date_gmt":"2022-03-15T17:51:45","guid":{"rendered":"https:\/\/cpaq.ufms.br\/?page_id=29552"},"modified":"2025-06-01T18:10:26","modified_gmt":"2025-06-01T22:10:26","slug":"coad","status":"publish","type":"page","link":"https:\/\/cpaq.ufms.br\/en\/00-novos\/coad\/","title":{"rendered":"COAD &#8211; Coordena\u00e7\u00e3o Administrativa"},"content":{"rendered":"<p style=\"text-align: justify\"><strong>Coordenador Administrativo<\/strong><\/p>\n<p style=\"text-align: justify\"><strong><em>Cicero Alex Lamb<\/em><\/strong><\/p>\n<p style=\"text-align: justify\"><strong>Telefone:<\/strong> (67) 3241-0440 \/ Ramal: 2440<\/p>\n<p style=\"text-align: justify\"><strong>E-mail:<\/strong> <a href=\"mailto:coad.cpaq@ufms.br\">coad.cpaq@ufms.br<\/a><\/p>\n<p style=\"text-align: justify\">A Coad \u00e9 a unidade respons\u00e1vel por colaborar com a Dire\u00e7\u00e3o da Unidade Setorial e assessor\u00e1-la no planejamento, na execu\u00e7\u00e3o e na coordena\u00e7\u00e3o das atividades de gest\u00e3o administrativa.<\/p>\n<p style=\"text-align: justify\"><strong>Hor\u00e1rios de Atendimentos: <\/strong>de segunda a sexta-feira, das 7h \u00e0s 11h e das 13h \u00e0s 17h.<\/p>\n<p style=\"text-align: justify\">Mapeamento de processos: <a href=\"https:\/\/cpaq.ufms.br\/coad-mapeamento-de-processos\/\">Clique aqui<\/a>.<\/p>\n<div class=\"panel-group\" id=\"custom-collapse-0\">\n<div class=\"panel panel-default\">\n\t\t\t\t<div class=\"panel-heading\">\n\t\t\t\t\t<h4 class=\"panel-title\">\n\t\t\t\t\t\t<a class=\"collapsed\" data-toggle=\"collapse\" data-parent=\"#custom-collapse-0\" href=\"#custom-collapse-0-0\"><b>Curr\u00edculo<\/b><\/a>\n\t\t\t\t\t<\/h4>\n\t\t\t\t<\/div>\n\t\t\t\t<div id=\"custom-collapse-0-0\" class=\"panel-collapse collapse\">\n\t\t\t\t\t<div class=\"panel-body\">\n<p>Possui gradua\u00e7\u00e3o em Geografia pela Universidade Federal de Mato Grosso do Sul (2016) e especializa\u00e7\u00e3o em Direito Administrativo e Gest\u00e3o P\u00fablica pelo Centro Universit\u00e1rio Uni\u00e3o das Am\u00e9ricas (2020). Atualmente \u00e9 assistente em administra\u00e7\u00e3o pela Universidade Federal de Mato Grosso do Sul. Tem experi\u00eancia na \u00e1rea de Geografia, com \u00eanfase em Geografia.<\/p>\n<\/div>\n\t\t\t\t<\/div>\n\t\t\t<\/div>\n<div class=\"panel panel-default\">\n\t\t\t\t<div class=\"panel-heading\">\n\t\t\t\t\t<h4 class=\"panel-title\">\n\t\t\t\t\t\t<a class=\"collapsed\" data-toggle=\"collapse\" data-parent=\"#custom-collapse-0\" href=\"#custom-collapse-0-1\"><strong>Compet\u00eancias da Coordena\u00e7\u00e3o Administrativa<\/strong><\/a>\n\t\t\t\t\t<\/h4>\n\t\t\t\t<\/div>\n\t\t\t\t<div id=\"custom-collapse-0-1\" class=\"panel-collapse collapse\">\n\t\t\t\t\t<div class=\"panel-body\">\n<p style=\"text-align: justify\">Controlar, orientar e avaliar as atividades de apoio administrativo, necess\u00e1rias ao funcionamento do Campus; realizar o atendimento de pessoas que necessitem de informa\u00e7\u00f5es relacionadas ao Campus ou comunicar-se com os Servidores nele lotados; executar a administra\u00e7\u00e3o financeira, patrimonial e de material do Campus no \u00e2mbito de suas compet\u00eancias; providenciar as solicita\u00e7\u00f5es de materiais de consumo e permanente necess\u00e1rios \u00e0 operacionaliza\u00e7\u00e3o do Campus bem como \u00e0 sua recep\u00e7\u00e3o, confer\u00eancia e seu controle; coordenar, orientar, organizar e fiscalizar os trabalhos do pessoal da Secretaria\/Coordena\u00e7\u00e3o; coordenar, controlar e executar as atividades de reda\u00e7\u00e3o, digita\u00e7\u00e3o, confer\u00eancia e reprodu\u00e7\u00e3o de documentos da Dire\u00e7\u00e3o e da Secretaria\/Coordena\u00e7\u00e3o; receber e efetuar o controle de entrada e de sa\u00edda de documentos e correspond\u00eancias do Campus; distribuir, aos destinat\u00e1rios, as correspond\u00eancias recebidas; acompanhar e controlar a execu\u00e7\u00e3o da dota\u00e7\u00e3o or\u00e7ament\u00e1ria do Campus; efetuar e controlar as solicita\u00e7\u00f5es de passagens, di\u00e1rias e ve\u00edculos para viagens do pessoal lotado no Campus; promover a triagem de documentos para arquivamento segundo as normas vigentes; efetuar o controle de frequ\u00eancia e a escala de f\u00e9rias do pessoal lotado no Campus; encaminhar atestados m\u00e9dicos, pedidos de licen\u00e7a, folhas de frequ\u00eancia e\/ou cart\u00f5es de ponto \u00e0 unidade respons\u00e1vel; providenciar e controlar as liga\u00e7\u00f5es telef\u00f4nicas; providenciar transporte para alunos e pessoal docente quando necess\u00e1rio \u00e0s atividades desenvolvidas no ou pelo Campus; coordenar as tarefas relacionadas \u00e0 recep\u00e7\u00e3o, copa, limpeza e manuten\u00e7\u00e3o de instala\u00e7\u00f5es e equipamentos do Campus; providenciar as solicita\u00e7\u00f5es de servi\u00e7os gerais; vistoriar as depend\u00eancias do Campus e verificar necessidades de reparos e\/ou manuten\u00e7\u00e3o; verificar as condi\u00e7\u00f5es dos materiais permanentes e equipamentos que est\u00e3o sob a responsabilidade do Campus; consolidar os relat\u00f3rios gerenciais; e desenvolver outras atividades dentro de sua \u00e1rea de atua\u00e7\u00e3o.<br \/>\n<\/div>\n\t\t\t\t<\/div>\n\t\t\t<\/div>\n<div class=\"panel panel-default\">\n\t\t\t\t<div class=\"panel-heading\">\n\t\t\t\t\t<h4 class=\"panel-title\">\n\t\t\t\t\t\t<a class=\"collapsed\" data-toggle=\"collapse\" data-parent=\"#custom-collapse-0\" href=\"#custom-collapse-0-2\"><strong>Equipe de Servidores<\/strong><\/a>\n\t\t\t\t\t<\/h4>\n\t\t\t\t<\/div>\n\t\t\t\t<div id=\"custom-collapse-0-2\" class=\"panel-collapse collapse\">\n\t\t\t\t\t<div class=\"panel-body\">\n<p><strong>Gabinete da Coad<\/strong><\/p>\n<ul>\n<li><strong><em>Vlademir Sergio Bondarczuk\u00a0<\/em><\/strong><em>\u2013 Telefone: (67) 3241-0403 \/ Ramal: 2403<\/em><\/li>\n<li><strong><em>Mauro Sergio Carvalho<\/em><\/strong><em>\u00a0\u2013 Telefone: (67) 3241-0407 \/ Ramal: 2407<\/em><\/li>\n<li><strong><em>Eduardo Aparecido Botelho<\/em><\/strong><em>\u00a0\u2013 Telefone: (67) 3241-0406 \/ Ramal: 2406<\/em><\/li>\n<li><strong><em>Edimar Rocha Dias<\/em><\/strong><em>\u00a0\u2013 Telefone: (67) 3241-0408 \/ Ramal: 2408<\/em><\/li>\n<\/ul>\n<p><strong>Ag\u00eancia de Tecnologia da Informa\u00e7\u00e3o &#8211; CPAQ<\/strong><\/p>\n<ul>\n<li><strong><em>Rafael Melcher<\/em><\/strong><strong>\u00a0\u2013<\/strong>\u00a0Telefone:(67) 3241-0450 \/ Ramal: 2450 \u2013\u00a0<strong>E-mail:<\/strong>\u00a0<a href=\"mailto:suporte.cpaq@ufms.br\">suporte.cpaq@ufms.br<\/a><\/li>\n<li><strong><em>Robson Andr\u00e9 Kazuyuki Chaves Yamakawa \u2013\u00a0<\/em><\/strong><em>Telefone:(67) 3241-0453 \/ Ramal: 2453<\/em><\/li>\n<\/ul>\n<p><strong>Laborat\u00f3rios<\/strong><\/p>\n<ul style=\"list-style-type: square\">\n<li><strong>Ci\u00eancias Biol\u00f3gicas<\/strong><\/li>\n<\/ul>\n<ul>\n<li><strong><em>Adriana de Barros<\/em><\/strong><em>\u00a0<\/em>\u2013 Telefone: (67) 3241-0434 \/ Ramal: 2434<\/li>\n<li><strong><em>Nara In\u00e1cio Luccas L\u00e1zaro<\/em><\/strong><em>\u00a0<\/em>\u2013 Telefone: (67) 3241-0434 \/ Ramal: 2434<\/li>\n<li><strong><em>B\u00e1rbara de Castro Ferreira \u2013\u00a0<\/em><\/strong>Telefone: (67) 3241-0434 \/ Ramal: 2434<\/li>\n<li><strong><em>Marina de Lurdes Xavier Corr\u00eaa <\/em><\/strong><strong><em>\u2013\u00a0<\/em><\/strong>Telefone: (67) 3241-0434 \/ Ramal: 2434<\/li>\n<\/ul>\n<ul style=\"list-style-type: square\">\n<li><strong>Geografia<\/strong><\/li>\n<\/ul>\n<ul>\n<li><strong><em>Elias Rodrigues da Cunha<\/em><\/strong>\u00a0\u2013 Telefone: (67) 3241-0451 \/ Ramal: 2451<\/li>\n<\/ul>\n<p><strong>Servi\u00e7os de Apoio<\/strong><\/p>\n<ul>\n<li><strong><em>Clarindo Pereira<\/em><\/strong>\u00a0\u2013 Telefone: (67) 3241-0361 \/ Ramal: 2361<\/li>\n<li><strong><em>Roberpeter Correa<\/em><\/strong><em>\u00a0<\/em>\u2013 Telefone: (67) 3241-0302 \/ Ramal: 2302<\/li>\n<li><strong><em>Valdecy Sousa de Oliveira<\/em><\/strong><em>\u00a0<\/em>\u2013 Telefone: (67) 3241-0460 \/ Ramal: 2460<\/li>\n<\/ul>\n<\/div>\n\t\t\t\t<\/div>\n\t\t\t<\/div>\n<\/div>\n","protected":false},"excerpt":{"rendered":"<p>Coordenador Administrativo Cicero Alex Lamb Telefone: (67) 3241-0440 \/ Ramal: 2440 E-mail: coad.cpaq@ufms.br A Coad \u00e9 a unidade respons\u00e1vel por colaborar com a Dire\u00e7\u00e3o da Unidade Setorial e assessor\u00e1-la no planejamento, na execu\u00e7\u00e3o e na coordena\u00e7\u00e3o das atividades de gest\u00e3o administrativa. Hor\u00e1rios de Atendimentos: de segunda a sexta-feira, das 7h \u00e0s 11h e das 13h [&hellip;]<\/p>\n","protected":false},"author":1449,"featured_media":30498,"parent":30416,"menu_order":0,"comment_status":"closed","ping_status":"closed","template":"page-templates\/page-coordenadorias.php","meta":{"footnotes":""},"coauthors":[79],"class_list":["post-29552","page","type-page","status-publish","has-post-thumbnail","hentry"],"_links":{"self":[{"href":"https:\/\/cpaq.ufms.br\/en\/wp-json\/wp\/v2\/pages\/29552","targetHints":{"allow":["GET"]}}],"collection":[{"href":"https:\/\/cpaq.ufms.br\/en\/wp-json\/wp\/v2\/pages"}],"about":[{"href":"https:\/\/cpaq.ufms.br\/en\/wp-json\/wp\/v2\/types\/page"}],"author":[{"embeddable":true,"href":"https:\/\/cpaq.ufms.br\/en\/wp-json\/wp\/v2\/users\/1449"}],"replies":[{"embeddable":true,"href":"https:\/\/cpaq.ufms.br\/en\/wp-json\/wp\/v2\/comments?post=29552"}],"version-history":[{"count":40,"href":"https:\/\/cpaq.ufms.br\/en\/wp-json\/wp\/v2\/pages\/29552\/revisions"}],"predecessor-version":[{"id":37287,"href":"https:\/\/cpaq.ufms.br\/en\/wp-json\/wp\/v2\/pages\/29552\/revisions\/37287"}],"up":[{"embeddable":true,"href":"https:\/\/cpaq.ufms.br\/en\/wp-json\/wp\/v2\/pages\/30416"}],"wp:featuredmedia":[{"embeddable":true,"href":"https:\/\/cpaq.ufms.br\/en\/wp-json\/wp\/v2\/media\/30498"}],"wp:attachment":[{"href":"https:\/\/cpaq.ufms.br\/en\/wp-json\/wp\/v2\/media?parent=29552"}],"wp:term":[{"taxonomy":"author","embeddable":true,"href":"https:\/\/cpaq.ufms.br\/en\/wp-json\/wp\/v2\/coauthors?post=29552"}],"curies":[{"name":"wp","href":"https:\/\/api.w.org\/{rel}","templated":true}]}}