{"id":2725,"date":"2015-02-09T14:36:27","date_gmt":"2015-02-09T17:36:27","guid":{"rendered":"http:\/\/cpaq.draconis.ufms.br\/?page_id=2725"},"modified":"2022-08-16T14:20:46","modified_gmt":"2022-08-16T18:20:46","slug":"biblioteca-atualizacao-e-documentos","status":"publish","type":"page","link":"https:\/\/cpaq.ufms.br\/en\/00-novos\/sebb\/biblioteca-atualizacao-e-documentos\/","title":{"rendered":"SEBB &#8211; Atualiza\u00e7\u00e3o e Documentos"},"content":{"rendered":"<div class=\"panel panel-info\"><div class=\"panel-heading\">Documentos<\/div><div class=\"panel-body\">\n<ul>\n<li><a href=\"http:\/\/cpaq.ufms.br\/files\/2015\/02\/DECLARA\u00c7\u00c3O-DE-ALUNO-DE-TCC-E-DISSERTA\u00c7\u00c3O.doc\" target=\"_blank\" rel=\"noopener noreferrer\">DECLARA\u00c7\u00c3O TCC\/ DISSERTA\u00c7\u00c3O<\/a><\/li>\n<li><a href=\"http:\/\/cpaq.ufms.br\/files\/2015\/02\/TERMO-COMPROMISSO-DOCENTE-N\u00c3O-EFETIVO-SEBB-CPAQ.doc\">TERMO COMPROMISSO DOCENTE N\u00c3O EFETIVO SEBB-CPAQ<\/a><\/li>\n<\/ul>\n<\/div><\/div>\n<p>&nbsp;<\/p>\n","protected":false},"excerpt":{"rendered":"<p>&nbsp;<\/p>\n","protected":false},"author":1449,"featured_media":0,"parent":29717,"menu_order":0,"comment_status":"closed","ping_status":"closed","template":"page-templates\/page-coordenadorias.php","meta":{"footnotes":""},"coauthors":[79],"class_list":["post-2725","page","type-page","status-publish","hentry"],"_links":{"self":[{"href":"https:\/\/cpaq.ufms.br\/en\/wp-json\/wp\/v2\/pages\/2725","targetHints":{"allow":["GET"]}}],"collection":[{"href":"https:\/\/cpaq.ufms.br\/en\/wp-json\/wp\/v2\/pages"}],"about":[{"href":"https:\/\/cpaq.ufms.br\/en\/wp-json\/wp\/v2\/types\/page"}],"author":[{"embeddable":true,"href":"https:\/\/cpaq.ufms.br\/en\/wp-json\/wp\/v2\/users\/1449"}],"replies":[{"embeddable":true,"href":"https:\/\/cpaq.ufms.br\/en\/wp-json\/wp\/v2\/comments?post=2725"}],"version-history":[{"count":10,"href":"https:\/\/cpaq.ufms.br\/en\/wp-json\/wp\/v2\/pages\/2725\/revisions"}],"predecessor-version":[{"id":31434,"href":"https:\/\/cpaq.ufms.br\/en\/wp-json\/wp\/v2\/pages\/2725\/revisions\/31434"}],"up":[{"embeddable":true,"href":"https:\/\/cpaq.ufms.br\/en\/wp-json\/wp\/v2\/pages\/29717"}],"wp:attachment":[{"href":"https:\/\/cpaq.ufms.br\/en\/wp-json\/wp\/v2\/media?parent=2725"}],"wp:term":[{"taxonomy":"author","embeddable":true,"href":"https:\/\/cpaq.ufms.br\/en\/wp-json\/wp\/v2\/coauthors?post=2725"}],"curies":[{"name":"wp","href":"https:\/\/api.w.org\/{rel}","templated":true}]}}