{"id":24916,"date":"2020-09-08T09:56:34","date_gmt":"2020-09-08T13:56:34","guid":{"rendered":"https:\/\/cpaq.ufms.br\/?page_id=24916"},"modified":"2025-03-19T15:23:32","modified_gmt":"2025-03-19T19:23:32","slug":"horariodocente","status":"publish","type":"page","link":"https:\/\/cpaq.ufms.br\/en\/00-novos\/horariodocente\/","title":{"rendered":"Hor\u00e1rios de atendimentos docentes"},"content":{"rendered":"<p style=\"text-align: justify\">Os hor\u00e1rios de atendimentos docentes s\u00e3o destinados ao esclarecimento de d\u00favidas extraclasses do corpo discente.<\/p>\n<p><em>Hor\u00e1rios referentes ao primeiro semestre de 2025 &#8211; <\/em><em>Atualizado em 19\/03\/2025<\/em><\/p>\n<a href=\"https:\/\/cpaq.ufms.br\/files\/2025\/03\/HORARIOS-DE-ATENDIMENTO-DOS-DOCENTES-2025-1.pdf\" class=\"pdfemb-viewer\" style=\"\" data-width=\"max\" data-height=\"max\" data-toolbar=\"bottom\" data-toolbar-fixed=\"off\">HOR\u00c1RIOS DE ATENDIMENTO DOS DOCENTES-2025-1<\/a>\n<p>&nbsp;<\/p>\n<p>&nbsp;<\/p>\n<p>&nbsp;<\/p>\n<p>&nbsp;<\/p>\n<p>&nbsp;<\/p>\n<p>&nbsp;<\/p>\n<p>&nbsp;<\/p>\n<p>&nbsp;<\/p>\n<p>&nbsp;<\/p>\n<p style=\"text-align: justify\">\n","protected":false},"excerpt":{"rendered":"<p>Os hor\u00e1rios de atendimentos docentes s\u00e3o destinados ao esclarecimento de d\u00favidas extraclasses do corpo discente. Hor\u00e1rios referentes ao primeiro semestre de 2025 &#8211; Atualizado em 19\/03\/2025 &nbsp; &nbsp; &nbsp; &nbsp; &nbsp; &nbsp; &nbsp; &nbsp; &nbsp;<\/p>\n","protected":false},"author":2904,"featured_media":0,"parent":30416,"menu_order":0,"comment_status":"closed","ping_status":"closed","template":"","meta":{"footnotes":""},"coauthors":[],"class_list":["post-24916","page","type-page","status-publish","hentry"],"_links":{"self":[{"href":"https:\/\/cpaq.ufms.br\/en\/wp-json\/wp\/v2\/pages\/24916","targetHints":{"allow":["GET"]}}],"collection":[{"href":"https:\/\/cpaq.ufms.br\/en\/wp-json\/wp\/v2\/pages"}],"about":[{"href":"https:\/\/cpaq.ufms.br\/en\/wp-json\/wp\/v2\/types\/page"}],"author":[{"embeddable":true,"href":"https:\/\/cpaq.ufms.br\/en\/wp-json\/wp\/v2\/users\/2904"}],"replies":[{"embeddable":true,"href":"https:\/\/cpaq.ufms.br\/en\/wp-json\/wp\/v2\/comments?post=24916"}],"version-history":[{"count":16,"href":"https:\/\/cpaq.ufms.br\/en\/wp-json\/wp\/v2\/pages\/24916\/revisions"}],"predecessor-version":[{"id":36738,"href":"https:\/\/cpaq.ufms.br\/en\/wp-json\/wp\/v2\/pages\/24916\/revisions\/36738"}],"up":[{"embeddable":true,"href":"https:\/\/cpaq.ufms.br\/en\/wp-json\/wp\/v2\/pages\/30416"}],"wp:attachment":[{"href":"https:\/\/cpaq.ufms.br\/en\/wp-json\/wp\/v2\/media?parent=24916"}],"wp:term":[{"taxonomy":"author","embeddable":true,"href":"https:\/\/cpaq.ufms.br\/en\/wp-json\/wp\/v2\/coauthors?post=24916"}],"curies":[{"name":"wp","href":"https:\/\/api.w.org\/{rel}","templated":true}]}}