{"id":23125,"date":"2020-05-29T13:36:48","date_gmt":"2020-05-29T17:36:48","guid":{"rendered":"https:\/\/cpaq.ufms.br\/?page_id=23125"},"modified":"2021-06-25T13:49:19","modified_gmt":"2021-06-25T17:49:19","slug":"agendamentos-laboratorios-covid19","status":"publish","type":"page","link":"https:\/\/cpaq.ufms.br\/en\/agenda\/agendamentos-laboratorios-covid19\/","title":{"rendered":"Agendamentos Laborat\u00f3rios COVID19"},"content":{"rendered":"<h2>Verifique os hor\u00e1rios j\u00e1 Agendados.<\/h2>\n<h3>Agende o seu hor\u00e1rio <a href=\"https:\/\/cpaq.ufms.br\/agendamentos-de-laboratorios-para-estudos-dirigidos\/\">Aqui!<\/a><\/h3>\n\n","protected":false},"excerpt":{"rendered":"<p>Verifique os hor\u00e1rios j\u00e1 Agendados. Agende o seu hor\u00e1rio Aqui!<\/p>\n","protected":false},"author":1449,"featured_media":0,"parent":24589,"menu_order":0,"comment_status":"closed","ping_status":"closed","template":"","meta":{"footnotes":""},"coauthors":[],"class_list":["post-23125","page","type-page","status-publish","hentry"],"_links":{"self":[{"href":"https:\/\/cpaq.ufms.br\/en\/wp-json\/wp\/v2\/pages\/23125","targetHints":{"allow":["GET"]}}],"collection":[{"href":"https:\/\/cpaq.ufms.br\/en\/wp-json\/wp\/v2\/pages"}],"about":[{"href":"https:\/\/cpaq.ufms.br\/en\/wp-json\/wp\/v2\/types\/page"}],"author":[{"embeddable":true,"href":"https:\/\/cpaq.ufms.br\/en\/wp-json\/wp\/v2\/users\/1449"}],"replies":[{"embeddable":true,"href":"https:\/\/cpaq.ufms.br\/en\/wp-json\/wp\/v2\/comments?post=23125"}],"version-history":[{"count":4,"href":"https:\/\/cpaq.ufms.br\/en\/wp-json\/wp\/v2\/pages\/23125\/revisions"}],"predecessor-version":[{"id":24580,"href":"https:\/\/cpaq.ufms.br\/en\/wp-json\/wp\/v2\/pages\/23125\/revisions\/24580"}],"up":[{"embeddable":true,"href":"https:\/\/cpaq.ufms.br\/en\/wp-json\/wp\/v2\/pages\/24589"}],"wp:attachment":[{"href":"https:\/\/cpaq.ufms.br\/en\/wp-json\/wp\/v2\/media?parent=23125"}],"wp:term":[{"taxonomy":"author","embeddable":true,"href":"https:\/\/cpaq.ufms.br\/en\/wp-json\/wp\/v2\/coauthors?post=23125"}],"curies":[{"name":"wp","href":"https:\/\/api.w.org\/{rel}","templated":true}]}}