{"id":1984,"date":"2014-10-06T08:30:37","date_gmt":"2014-10-06T12:30:37","guid":{"rendered":"http:\/\/cpaq.draconis.ufms.br\/?page_id=1984"},"modified":"2023-11-28T09:29:10","modified_gmt":"2023-11-28T13:29:10","slug":"laboratorio-de-informatica","status":"publish","type":"page","link":"https:\/\/cpaq.ufms.br\/en\/laboratorio-de-informatica\/","title":{"rendered":"Laborat\u00f3rio de Inform\u00e1tica"},"content":{"rendered":"<div class=\"panel panel-info\"><div class=\"panel-heading\">Laborat\u00f3rios do Campus de Aquidauana<\/div><div class=\"panel-body\">\n<div class=\"alert alert-info\"> Laborat\u00f3rio de Inform\u00e1tica.<\/div>\n<p><a href=\"https:\/\/cpaq.ufms.br\/files\/2017\/07\/IMG_20170714_133556.jpg\"><img fetchpriority=\"high\" decoding=\"async\" class=\"wp-image-8420 aligncenter\" src=\"https:\/\/cpaq.ufms.br\/files\/2017\/07\/IMG_20170714_133556-300x225.jpg\" alt=\"\" width=\"441\" height=\"331\" srcset=\"https:\/\/cpaq.ufms.br\/files\/2017\/07\/IMG_20170714_133556-300x225.jpg 300w, https:\/\/cpaq.ufms.br\/files\/2017\/07\/IMG_20170714_133556-768x576.jpg 768w, https:\/\/cpaq.ufms.br\/files\/2017\/07\/IMG_20170714_133556.jpg 1024w, https:\/\/cpaq.ufms.br\/files\/2017\/07\/IMG_20170714_133556-427x320.jpg 427w\" sizes=\"(max-width: 441px) 100vw, 441px\" \/><\/a><\/p>\n<p>O Laborat\u00f3rio de Inform\u00e1tica t\u00eam a miss\u00e3o de apoiar aos professores e alunos oferecendo um ambiente favor\u00e1vel para realiza\u00e7\u00f5es de aulas, trabalhos e pesquisas acad\u00eamicas. Todos os computadores possuem acesso a internet, com excelente velocidade, e novos equipamentos para propiciar conforto e agilidade.<\/p>\n<p>Todos os alunos t\u00eam direito de utilizar os laborat\u00f3rios e podem contar com aux\u00edlio da equipe de inform\u00e1tica que est\u00e1 \u00e0 disposi\u00e7\u00e3o, para esclarecer d\u00favidas e resolver problemas que venham a ocorrer durante a utiliza\u00e7\u00e3o do computador. O laborat\u00f3rio conta com dois ambientes um exclusivo para atendimento a comunidade acad\u00eamica e outro para as aulas, cursos e atividades de ensino pesquisa e exten\u00e7\u00e3o.<\/p>\n<p>Respons\u00e1vel T\u00e9cnico:<em><strong> Ana Graziele Louren\u00e7o Toledo<\/strong><\/em><\/p>\n<p>T\u00e9cnico do Laborat\u00f3rio: <em><strong>Ademar da Silva dos Santos<\/strong> <\/em><\/p>\n<p>Telefone: (67) 3241-0448 \/ Ramal: 2448<\/p>\n<\/div><\/div>\n<p>&nbsp;<\/p>\n","protected":false},"excerpt":{"rendered":"<p>&nbsp;<\/p>\n","protected":false},"author":974,"featured_media":0,"parent":0,"menu_order":0,"comment_status":"closed","ping_status":"open","template":"","meta":{"footnotes":""},"coauthors":[78],"class_list":["post-1984","page","type-page","status-publish","hentry"],"_links":{"self":[{"href":"https:\/\/cpaq.ufms.br\/en\/wp-json\/wp\/v2\/pages\/1984","targetHints":{"allow":["GET"]}}],"collection":[{"href":"https:\/\/cpaq.ufms.br\/en\/wp-json\/wp\/v2\/pages"}],"about":[{"href":"https:\/\/cpaq.ufms.br\/en\/wp-json\/wp\/v2\/types\/page"}],"author":[{"embeddable":true,"href":"https:\/\/cpaq.ufms.br\/en\/wp-json\/wp\/v2\/users\/974"}],"replies":[{"embeddable":true,"href":"https:\/\/cpaq.ufms.br\/en\/wp-json\/wp\/v2\/comments?post=1984"}],"version-history":[{"count":43,"href":"https:\/\/cpaq.ufms.br\/en\/wp-json\/wp\/v2\/pages\/1984\/revisions"}],"predecessor-version":[{"id":33441,"href":"https:\/\/cpaq.ufms.br\/en\/wp-json\/wp\/v2\/pages\/1984\/revisions\/33441"}],"wp:attachment":[{"href":"https:\/\/cpaq.ufms.br\/en\/wp-json\/wp\/v2\/media?parent=1984"}],"wp:term":[{"taxonomy":"author","embeddable":true,"href":"https:\/\/cpaq.ufms.br\/en\/wp-json\/wp\/v2\/coauthors?post=1984"}],"curies":[{"name":"wp","href":"https:\/\/api.w.org\/{rel}","templated":true}]}}