{"id":19785,"date":"2019-09-06T14:39:18","date_gmt":"2019-09-06T18:39:18","guid":{"rendered":"https:\/\/cpaq.ufms.br\/?page_id=19785"},"modified":"2021-07-05T15:09:16","modified_gmt":"2021-07-05T19:09:16","slug":"solicitacao-de-agendamento-de-laboratorio-de-zoologia","status":"publish","type":"page","link":"https:\/\/cpaq.ufms.br\/en\/agenda\/solicitacao-de-agendamento-de-laboratorio-de-zoologia\/","title":{"rendered":"Solicita\u00e7\u00e3o de Agendamento de Laborat\u00f3rio de Zoologia"},"content":{"rendered":"\n","protected":false},"excerpt":{"rendered":"","protected":false},"author":1449,"featured_media":0,"parent":24589,"menu_order":0,"comment_status":"closed","ping_status":"closed","template":"","meta":{"footnotes":""},"coauthors":[],"class_list":["post-19785","page","type-page","status-publish","hentry"],"_links":{"self":[{"href":"https:\/\/cpaq.ufms.br\/en\/wp-json\/wp\/v2\/pages\/19785","targetHints":{"allow":["GET"]}}],"collection":[{"href":"https:\/\/cpaq.ufms.br\/en\/wp-json\/wp\/v2\/pages"}],"about":[{"href":"https:\/\/cpaq.ufms.br\/en\/wp-json\/wp\/v2\/types\/page"}],"author":[{"embeddable":true,"href":"https:\/\/cpaq.ufms.br\/en\/wp-json\/wp\/v2\/users\/1449"}],"replies":[{"embeddable":true,"href":"https:\/\/cpaq.ufms.br\/en\/wp-json\/wp\/v2\/comments?post=19785"}],"version-history":[{"count":2,"href":"https:\/\/cpaq.ufms.br\/en\/wp-json\/wp\/v2\/pages\/19785\/revisions"}],"predecessor-version":[{"id":19788,"href":"https:\/\/cpaq.ufms.br\/en\/wp-json\/wp\/v2\/pages\/19785\/revisions\/19788"}],"up":[{"embeddable":true,"href":"https:\/\/cpaq.ufms.br\/en\/wp-json\/wp\/v2\/pages\/24589"}],"wp:attachment":[{"href":"https:\/\/cpaq.ufms.br\/en\/wp-json\/wp\/v2\/media?parent=19785"}],"wp:term":[{"taxonomy":"author","embeddable":true,"href":"https:\/\/cpaq.ufms.br\/en\/wp-json\/wp\/v2\/coauthors?post=19785"}],"curies":[{"name":"wp","href":"https:\/\/api.w.org\/{rel}","templated":true}]}}