{"id":195,"date":"2012-09-24T08:24:13","date_gmt":"2012-09-24T12:24:13","guid":{"rendered":"http:\/\/cpaq.draconis.ufms.br\/?page_id=195"},"modified":"2025-05-22T16:48:42","modified_gmt":"2025-05-22T20:48:42","slug":"enderecos-e-telefones","status":"publish","type":"page","link":"https:\/\/cpaq.ufms.br\/en\/00-novos\/enderecos-e-telefones\/","title":{"rendered":"Endere\u00e7os e Telefones"},"content":{"rendered":"<div class=\"panel panel-info\"><div class=\"panel-body\">\n<div class=\"panel-group\" id=\"custom-collapse-0\">\n<div class=\"panel panel-default\">\n\t\t\t\t<div class=\"panel-heading\">\n\t\t\t\t\t<h4 class=\"panel-title\">\n\t\t\t\t\t\t<a class=\"\" data-toggle=\"collapse\" data-parent=\"#custom-collapse-0\" href=\"#custom-collapse-0-0\">Endere\u00e7o das Unidade<\/a>\n\t\t\t\t\t<\/h4>\n\t\t\t\t<\/div>\n\t\t\t\t<div id=\"custom-collapse-0-0\" class=\"panel-collapse in\">\n\t\t\t\t\t<div class=\"panel-body\">\n<p>Unidade I<\/p>\n<p>Pra\u00e7a Nossa Senhora imaculada Concei\u00e7\u00e3o, 163 &#8211; centro &#8211; Aquidauana\/MS &#8211; CEP =\u00a0 79.200-000<\/p>\n<p>Tel.: (67) 3241-0360 (Portaria)<\/p>\n<iframe style=\"border: 0;\" src=\"https:\/\/www.google.com\/maps\/embed?pb=!1m14!1m8!1m3!1d1868.8534649400783!2d-55.8001258!3d-20.4772269!3m2!1i1024!2i768!4f13.1!3m3!1m2!1s0x0%3A0xb4b89426defedb58!2sUFMS%20-%20Universidade%20Federal%20de%20Mato%20Grosso%20do%20Sul%20-%20C%C3%A2mpus%20de%20Aquidauana%20-%20Unidade%201!5e0!3m2!1spt-BR!2sbr!4v1651520793177!5m2!1spt-BR!2sbr\" width=\"100%\" height=\"600\" frameborder=\"0\" scrolling=\"no\"><\/iframe>\n<p>Unidade II<\/p>\n<p>Rua Oscar Trindade de Barros, 740 &#8211; Bairro Serraria &#8211; Aquidauana\/MS &#8211; CEP = 79.200-000<\/p>\n<p>Tel.: (67)3241-0410 (Dire\u00e7\u00e3o)<\/p>\n<iframe style=\"border: 0;\" src=\"https:\/\/www.google.com\/maps\/embed?pb=!1m14!1m8!1m3!1d1868.9321680811656!2d-55.7722751!3d-20.4707645!3m2!1i1024!2i768!4f13.1!3m3!1m2!1s0x947de664dcee1e17%3A0xa5c50b4c29dde2e3!2sUniversidade%20Federal%20de%20Mato%20Grosso%20do%20Sul%20-%20C%C3%A2mpus%20de%20Aquidauana%20-%20CPAQ%2FUFMS%20-%20Unidade%20II!5e0!3m2!1spt-BR!2sbr!4v1651519179878!5m2!1spt-BR!2sbr\" width=\"100%\" height=\"600\" frameborder=\"0\" scrolling=\"no\"><\/iframe>\n<p>&nbsp;<\/p>\n<p>Unidade III<\/p>\n<p>Rua Pandi\u00e1 Cal\u00f3geras n\u00ba 387 &#8211; Bairro Centro- Aquidauana\/MS &#8211; CEP = 79.200-000<\/p>\n<p>Tel.: (67)3241-0361 (Portaria)<\/p>\n<iframe style=\"border: 0;\" src=\"https:\/\/www.google.com\/maps\/embed?pb=!1m14!1m8!1m3!1d467.2174331649135!2d-55.7967999!3d-20.4758913!3m2!1i1024!2i768!4f13.1!3m3!1m2!1s0x947de64dfdaf1fa9%3A0xd2b305cde12bb972!2sR.%20Pandi%C3%A1%20Cal%C3%B3geras%2C%20387%20-%20Centro%2C%20Aquidauana%20-%20MS%2C%2079200-000!5e0!3m2!1spt-BR!2sbr!4v1651520870414!5m2!1spt-BR!2sbr\" width=\"100%\" height=\"600\" frameborder=\"0\" scrolling=\"no\"><\/iframe>\n<\/div>\n\t\t\t\t<\/div>\n\t\t\t<\/div>\n<div class=\"panel panel-default\">\n\t\t\t\t<div class=\"panel-heading\">\n\t\t\t\t\t<h4 class=\"panel-title\">\n\t\t\t\t\t\t<a class=\"collapsed\" data-toggle=\"collapse\" data-parent=\"#custom-collapse-0\" href=\"#custom-collapse-0-1\">Lista telef\u00f4nica<\/a>\n\t\t\t\t\t<\/h4>\n\t\t\t\t<\/div>\n\t\t\t\t<div id=\"custom-collapse-0-1\" class=\"panel-collapse collapse\">\n\t\t\t\t\t<div class=\"panel-body\">\n<a href=\"https:\/\/cpaq.ufms.br\/files\/2025\/05\/Lista-Telefonica-CPAQ-atualizacao-22-05-2025.pdf\" class=\"pdfemb-viewer\" style=\"\" data-width=\"max\" data-height=\"max\" data-toolbar=\"bottom\" data-toolbar-fixed=\"off\">Lista-Telefonica-CPAQ-atualizacao-22-05-2025<\/a>\n<p><a href=\"https:\/\/cpaq.ufms.br\/files\/2025\/05\/Lista-Telefonica-CPAQ-atualizacao-22-05-2025.pdf\" target=\"_blank\" rel=\"noopener\">Clique aqui para fazer o download<\/a>.<\/p>\n<\/div>\n\t\t\t\t<\/div>\n\t\t\t<\/div>\n<\/div>\n<\/div><\/div>\n<p>&nbsp;<\/p>\n","protected":false},"excerpt":{"rendered":"<p>&nbsp;<\/p>\n","protected":false},"author":28184,"featured_media":0,"parent":30416,"menu_order":0,"comment_status":"closed","ping_status":"open","template":"","meta":{"footnotes":""},"coauthors":[77],"class_list":["post-195","page","type-page","status-publish","hentry"],"_links":{"self":[{"href":"https:\/\/cpaq.ufms.br\/en\/wp-json\/wp\/v2\/pages\/195","targetHints":{"allow":["GET"]}}],"collection":[{"href":"https:\/\/cpaq.ufms.br\/en\/wp-json\/wp\/v2\/pages"}],"about":[{"href":"https:\/\/cpaq.ufms.br\/en\/wp-json\/wp\/v2\/types\/page"}],"author":[{"embeddable":true,"href":"https:\/\/cpaq.ufms.br\/en\/wp-json\/wp\/v2\/users\/28184"}],"replies":[{"embeddable":true,"href":"https:\/\/cpaq.ufms.br\/en\/wp-json\/wp\/v2\/comments?post=195"}],"version-history":[{"count":51,"href":"https:\/\/cpaq.ufms.br\/en\/wp-json\/wp\/v2\/pages\/195\/revisions"}],"predecessor-version":[{"id":37195,"href":"https:\/\/cpaq.ufms.br\/en\/wp-json\/wp\/v2\/pages\/195\/revisions\/37195"}],"up":[{"embeddable":true,"href":"https:\/\/cpaq.ufms.br\/en\/wp-json\/wp\/v2\/pages\/30416"}],"wp:attachment":[{"href":"https:\/\/cpaq.ufms.br\/en\/wp-json\/wp\/v2\/media?parent=195"}],"wp:term":[{"taxonomy":"author","embeddable":true,"href":"https:\/\/cpaq.ufms.br\/en\/wp-json\/wp\/v2\/coauthors?post=195"}],"curies":[{"name":"wp","href":"https:\/\/api.w.org\/{rel}","templated":true}]}}