{"id":183,"date":"2012-09-24T08:09:32","date_gmt":"2012-09-24T12:09:32","guid":{"rendered":"http:\/\/cpaq.draconis.ufms.br\/?page_id=183"},"modified":"2025-02-14T19:04:55","modified_gmt":"2025-02-14T23:04:55","slug":"pas-ufms","status":"publish","type":"page","link":"https:\/\/cpaq.ufms.br\/en\/00-novos\/pas-ufms\/","title":{"rendered":"PAS\/UFMS &#8211; Plano de Sa\u00fade"},"content":{"rendered":"<div class=\"panel panel-info\"><div class=\"panel-body\">\n<p data-uw-styling-context=\"true\"><span style=\"color: #000000\"><strong>Representante do Programa de Assist\u00eancia \u00e0 Sa\u00fade &#8211; PAS\/UFMS \/Campus de Aquidauana<\/strong><\/span><\/p>\n<p><em><strong>Maria de F\u00e1tima Alves Bonif\u00e1cio<\/strong><\/em><\/p>\n<p><em data-uw-styling-context=\"true\"><strong>Telefone:<\/strong> 3241-0441 \/ Ramal: 2441<\/em><\/p>\n<p data-uw-styling-context=\"true\"><strong data-uw-styling-context=\"true\">E-mail: <a href=\"mailto:pas.cpaq@ufms.br\">pas.cpaq@ufms.br<\/a><\/strong><\/p>\n<p data-uw-styling-context=\"true\"><strong data-uw-styling-context=\"true\">Hor\u00e1rios de Atendimentos: <\/strong>de segunda a sexta-feira, das 7h \u00e0s 11h e das 13h \u00e0s 17h.<\/p>\n<p data-uw-styling-context=\"true\">Mapeamento de processos: <a href=\"https:\/\/cpaq.ufms.br\/coad-mapeamento-de-processos\/\" data-uw-styling-context=\"true\">clique aqui<\/a>.<\/p>\n<p data-uw-styling-context=\"true\"><\/div><\/div>\n","protected":false},"excerpt":{"rendered":"","protected":false},"author":1007,"featured_media":11183,"parent":30416,"menu_order":0,"comment_status":"closed","ping_status":"open","template":"page-templates\/page-coordenadorias.php","meta":{"footnotes":""},"coauthors":[77],"class_list":["post-183","page","type-page","status-publish","has-post-thumbnail","hentry"],"_links":{"self":[{"href":"https:\/\/cpaq.ufms.br\/en\/wp-json\/wp\/v2\/pages\/183","targetHints":{"allow":["GET"]}}],"collection":[{"href":"https:\/\/cpaq.ufms.br\/en\/wp-json\/wp\/v2\/pages"}],"about":[{"href":"https:\/\/cpaq.ufms.br\/en\/wp-json\/wp\/v2\/types\/page"}],"author":[{"embeddable":true,"href":"https:\/\/cpaq.ufms.br\/en\/wp-json\/wp\/v2\/users\/1007"}],"replies":[{"embeddable":true,"href":"https:\/\/cpaq.ufms.br\/en\/wp-json\/wp\/v2\/comments?post=183"}],"version-history":[{"count":29,"href":"https:\/\/cpaq.ufms.br\/en\/wp-json\/wp\/v2\/pages\/183\/revisions"}],"predecessor-version":[{"id":36435,"href":"https:\/\/cpaq.ufms.br\/en\/wp-json\/wp\/v2\/pages\/183\/revisions\/36435"}],"up":[{"embeddable":true,"href":"https:\/\/cpaq.ufms.br\/en\/wp-json\/wp\/v2\/pages\/30416"}],"wp:featuredmedia":[{"embeddable":true,"href":"https:\/\/cpaq.ufms.br\/en\/wp-json\/wp\/v2\/media\/11183"}],"wp:attachment":[{"href":"https:\/\/cpaq.ufms.br\/en\/wp-json\/wp\/v2\/media?parent=183"}],"wp:term":[{"taxonomy":"author","embeddable":true,"href":"https:\/\/cpaq.ufms.br\/en\/wp-json\/wp\/v2\/coauthors?post=183"}],"curies":[{"name":"wp","href":"https:\/\/api.w.org\/{rel}","templated":true}]}}