{"id":15347,"date":"2019-01-23T14:51:05","date_gmt":"2019-01-23T17:51:05","guid":{"rendered":"https:\/\/cpaq.ufms.br\/?page_id=15347"},"modified":"2025-02-18T17:19:35","modified_gmt":"2025-02-18T21:19:35","slug":"portal-do-calouro","status":"publish","type":"page","link":"https:\/\/cpaq.ufms.br\/en\/portal-do-calouro\/","title":{"rendered":"Portal do Calouro"},"content":{"rendered":"<p style=\"text-align: justify\"><em>Calouro, seja bem-vindo ao Campus de Aquidauana da UFMS!<\/em><em>\u00a0As aulas v\u00e3o come\u00e7ar e temos algumas informa\u00e7\u00f5es importantes para voc\u00ea!<\/em><\/p>\n<p>&nbsp;<\/p>\n<p>Acompanhe todas as convoca\u00e7\u00f5es pelo site\u00a0<a href=\"https:\/\/ingresso.ufms.br\/\">https:\/\/ingresso.ufms.br\/<\/a>.<\/p>\n<div class=\"panel panel-default\">\n\t\t\t\t<div class=\"panel-heading\">\n\t\t\t\t\t<h4 class=\"panel-title\">\n\t\t\t\t\t\t<a class=\"collapsed\" data-toggle=\"collapse\" data-parent=\"#single-collapse\" href=\"#single-collapse-0\">Hor\u00e1rios de Aulas<\/a>\n\t\t\t\t\t<\/h4>\n\t\t\t\t<\/div>\n\t\t\t\t<div id=\"single-collapse-0\" class=\"panel-collapse collapse\">\n\t\t\t\t\t<div class=\"panel-body\">\n<h3 style=\"text-align: justify\"><strong>Hor\u00e1rios de aulas<\/strong><\/h3>\n<p style=\"text-align: justify\">Confira os Hor\u00e1rios de Aulas do seu Curso:<\/p>\n<ul style=\"text-align: justify\">\n<li>Administra\u00e7\u00e3o: <a href=\"https:\/\/cpaq.ufms.br\/administracao\/administracao-horarios\/\">clique aqui<\/a><\/li>\n<li>Ci\u00eancias Biol\u00f3gicas: <a href=\"https:\/\/cpaq.ufms.br\/ciencias-biologicas\/ciencias-biologicas-horarios\/\">clique aqui<\/a><\/li>\n<li>Geografia Bacharelado &#8211; Noturno: <a href=\"https:\/\/cpaq.ufms.br\/geografia\/geografia-bacharelado-horarios\/\">clique aqui<\/a><\/li>\n<li>Geografia Licenciatura: <a href=\"https:\/\/cpaq.ufms.br\/geografia\/geografia-licenciatura-horarios\/\">clique aqui<\/a><\/li>\n<li>Hist\u00f3ria: <a href=\"https:\/\/cpaq.ufms.br\/files\/2025\/02\/HISTORIA-2025-1.pdf\">clique aqui<\/a><\/li>\n<li>Letras\/Espanhol: <a href=\"https:\/\/cpaq.ufms.br\/files\/2025\/02\/LETRAS-PORTUGUES-ESPANHOL-2025-1.pdf\">clique aqui<\/a><\/li>\n<li>Letras\/Ingl\u00eas: <a href=\"https:\/\/cpaq.ufms.br\/files\/2025\/02\/LETRAS-PORTUGUES-INGLES-2025-1.pdf\">clique aqui<\/a><\/li>\n<li>Licenciatura Ind\u00edgena: <a href=\"https:\/\/cpaq.ufms.br\/licenciatura-indigena\/licenciatura-indigena-horarios\/\">clique aqui<\/a><\/li>\n<li>Matem\u00e1tica: <a href=\"https:\/\/cpaq.ufms.br\/files\/2025\/02\/MATEMATICA-2025-1.pdf\">clique aqui<\/a><\/li>\n<li>Pedagogia: <a href=\"https:\/\/cpaq.ufms.br\/files\/2025\/02\/PEDAGOGIA-2025-1.pdf\">clique aqui<\/a><\/li>\n<li>Pedagogia Intercultural Ind\u00edgena: <a href=\"https:\/\/cpaq.ufms.br\/files\/2025\/02\/PEDAGOGIA-INTERCULTURAL-INDIGENA-2025-1.pdf\">clique aqui<\/a><\/li>\n<\/ul>\n<\/div>\n\t\t\t\t<\/div>\n\t\t\t<\/div>\n<div class=\"panel panel-default\">\n\t\t\t\t<div class=\"panel-heading\">\n\t\t\t\t\t<h4 class=\"panel-title\">\n\t\t\t\t\t\t<a class=\"collapsed\" data-toggle=\"collapse\" data-parent=\"#single-collapse\" href=\"#single-collapse-1\">Passaporte UFMS<\/a>\n\t\t\t\t\t<\/h4>\n\t\t\t\t<\/div>\n\t\t\t\t<div id=\"single-collapse-1\" class=\"panel-collapse collapse\">\n\t\t\t\t\t<div class=\"panel-body\">\n<h3><strong>Passaporte UFMS<\/strong><\/h3>\n<p style=\"text-align: justify\">Com o Passaporte UFMS, voc\u00ea ter\u00e1 acesso aos servi\u00e7os oferecidos pela Universidade, tais como:<\/p>\n<ul style=\"text-align: justify\">\n<li>Acesso \u00e0 Rede Wireless no campus para smartphones e notebooks;<\/li>\n<li>Utiliza\u00e7\u00e3o do Laborat\u00f3rio de Inform\u00e1tica e sistemas desenvolvidos pela Agetic;<\/li>\n<li>Realizar inscri\u00e7\u00e3o no Processo Seletivo para as a\u00e7\u00f5es de Assist\u00eancia Estudantil da UFMS;<\/li>\n<li>Solicitar a Identidade Estudantil.<\/li>\n<\/ul>\n<p style=\"text-align: justify\">Fa\u00e7a o seu Passaporte: <a href=\"https:\/\/passaporte.ufms.br\/#\/\">clique aqui<\/a><\/p>\n<p style=\"text-align: justify\">Ap\u00f3s finalizado seu cadastro no Passaporte UFMS, saiba como ter acesso \u00e0 Internet do campus: <a href=\"https:\/\/cpaq.ufms.br\/setor-de-tecnologia-da-informacao\/manuais-academicos\/\">clique aqui<\/a><\/p>\n<\/div>\n\t\t\t\t<\/div>\n\t\t\t<\/div>\n<div class=\"panel panel-default\">\n\t\t\t\t<div class=\"panel-heading\">\n\t\t\t\t\t<h4 class=\"panel-title\">\n\t\t\t\t\t\t<a class=\"collapsed\" data-toggle=\"collapse\" data-parent=\"#single-collapse\" href=\"#single-collapse-2\">Identidade Estudantil<\/a>\n\t\t\t\t\t<\/h4>\n\t\t\t\t<\/div>\n\t\t\t\t<div id=\"single-collapse-2\" class=\"panel-collapse collapse\">\n\t\t\t\t\t<div class=\"panel-body\">\n<h3 style=\"text-align: justify\"><strong>Identidade Estudantil<\/strong><\/h3>\n<p style=\"text-align: justify\">A Identidade Estudantil \u00e9 a identifica\u00e7\u00e3o do acad\u00eamico ao longo da sua vida universit\u00e1ria. \u00c9 muito importante que voc\u00ea tenha cuidado e a use de forma respons\u00e1vel. A primeira via da IE ser\u00e1 fornecida gratuitamente pela UFMS.<\/p>\n<p style=\"text-align: justify\">Inicialmente, a IE est\u00e1 sendo utilizada para identifica\u00e7\u00e3o nos espa\u00e7os da UFMS e para empr\u00e9stimos de livros na biblioteca, bem como para utiliza\u00e7\u00e3o do Restaurante Universit\u00e1rio do CPAQ, entre outras funcionalidades.<\/p>\n<p style=\"text-align: justify\">Atualmente, a IE est\u00e1 sendo emitida no formato digital e voc\u00ea poder\u00e1 utiliz\u00e1-la pelo aplicativo &#8220;Sou UFMS&#8221; ou diretamente pelo site da IE (dispon\u00edvel abaixo).<\/p>\n<p style=\"text-align: justify\">Solicite\u00a0sua Identidade Estudantil: <a href=\"https:\/\/proaes.ufms.br\/identidade\/identidade-estudantil-1a-via\/\">clique aqui<\/a>.<\/p>\n<p>\u00a0<\/div>\n\t\t\t\t<\/div>\n\t\t\t<\/div>\n<div class=\"panel panel-default\">\n\t\t\t\t<div class=\"panel-heading\">\n\t\t\t\t\t<h4 class=\"panel-title\">\n\t\t\t\t\t\t<a class=\"collapsed\" data-toggle=\"collapse\" data-parent=\"#single-collapse\" href=\"#single-collapse-3\">SISCAD<\/a>\n\t\t\t\t\t<\/h4>\n\t\t\t\t<\/div>\n\t\t\t\t<div id=\"single-collapse-3\" class=\"panel-collapse collapse\">\n\t\t\t\t\t<div class=\"panel-body\">\n<h3 style=\"text-align: justify\"><strong>Siscad<\/strong><\/h3>\n<p style=\"text-align: justify\">Agora, que voc\u00ea j\u00e1 possui o seu Passaporte UFMS, conhe\u00e7a o Sistema Acad\u00eamico (Siscad):<\/p>\n<ul style=\"text-align: justify\">\n<li>No Siscad, voc\u00ea\u00a0<span id=\"OBJ_PREFIX_DWT152_com_zimbra_date\" class=\"Object\"><span id=\"OBJ_PREFIX_DWT154_com_zimbra_date\" class=\"Object\">ter<\/span><\/span>\u00e1 acesso \u00e0s disciplinas em que est\u00e1 matriculado(a);<\/li>\n<li>Acesso ao seu Hist\u00f3rico Escolar e\u00a0a\u00a0Estrutura Curricular do seu curso;<\/li>\n<li>Acompanhar\u00e1 o lan\u00e7amento de notas e faltas;<\/li>\n<li>Poder\u00e1 emitir a sua pr\u00f3pria Declara\u00e7\u00e3o de Matr\u00edcula; e muitos mais.<\/li>\n<\/ul>\n<p style=\"text-align: justify\">Conhe\u00e7a agora o\u00a0\u00a0Sistema Acad\u00eamico da UFMS! Acesse <span id=\"OBJ_PREFIX_DWT153_com_zimbra_url\" class=\"Object\"><span id=\"OBJ_PREFIX_DWT155_com_zimbra_url\" class=\"Object\"><a href=\"https:\/\/siscad.ufms.br\/\" target=\"_blank\" rel=\"noopener noreferrer\">https:\/\/siscad.ufms.br\/<\/a><\/span><\/span><\/p>\n<p>\u00a0<\/div>\n\t\t\t\t<\/div>\n\t\t\t<\/div>\n<div class=\"panel panel-default\">\n\t\t\t\t<div class=\"panel-heading\">\n\t\t\t\t\t<h4 class=\"panel-title\">\n\t\t\t\t\t\t<a class=\"collapsed\" data-toggle=\"collapse\" data-parent=\"#single-collapse\" href=\"#single-collapse-4\">Regime Especial<\/a>\n\t\t\t\t\t<\/h4>\n\t\t\t\t<\/div>\n\t\t\t\t<div id=\"single-collapse-4\" class=\"panel-collapse collapse\">\n\t\t\t\t\t<div class=\"panel-body\">\n<h3><strong>Regime Especial<\/strong><\/h3>\n<p style=\"text-align: justify\">Caso voc\u00ea se enquadre em um dos casos previstos na <a href=\"https:\/\/drive.google.com\/file\/d\/1Njc1yvP1pSzcDdhA6cCK48RIPWtvdK4K\/view?usp=sharing\" data-uw-styling-context=\"true\">Instru\u00e7\u00e3o Normativa N\u00ba 59-Gab\/Prograd\/UFMS, de 10 de mar\u00e7o de 2022<\/a>, saiba que tem direito ao Regime Especial, o qual consiste na realiza\u00e7\u00e3o das atividades acad\u00eamicas de maneira remota. Para tanto, \u00e9 necess\u00e1rio solicit\u00e1-lo, via Requerimento Acad\u00eamico, no Siscad, ap\u00f3s a realiza\u00e7\u00e3o de sua matr\u00edcula.<\/p>\n<p>\u00a0<\/div>\n\t\t\t\t<\/div>\n\t\t\t<\/div>\n<div class=\"panel panel-default\">\n\t\t\t\t<div class=\"panel-heading\">\n\t\t\t\t\t<h4 class=\"panel-title\">\n\t\t\t\t\t\t<a class=\"collapsed\" data-toggle=\"collapse\" data-parent=\"#single-collapse\" href=\"#single-collapse-5\">Assist\u00eancia Estudantil<\/a>\n\t\t\t\t\t<\/h4>\n\t\t\t\t<\/div>\n\t\t\t\t<div id=\"single-collapse-5\" class=\"panel-collapse collapse\">\n\t\t\t\t\t<div class=\"panel-body\">\n<h3 style=\"text-align: justify\"><strong>Assist\u00eancia Estudantil<\/strong><\/h3>\n<p style=\"text-align: justify\">Para conhecer as bolsas e aux\u00edlios ofertados pela UFMS, entre em contato com nossa Unidade de Apoio Estudantil: <a href=\"https:\/\/cpaq.ufms.br\/00-novos\/uae\/\">clique aqui<\/a>.<\/p>\n<p>\u00a0<\/div>\n\t\t\t\t<\/div>\n\t\t\t<\/div>\n<div class=\"panel panel-default\">\n\t\t\t\t<div class=\"panel-heading\">\n\t\t\t\t\t<h4 class=\"panel-title\">\n\t\t\t\t\t\t<a class=\"collapsed\" data-toggle=\"collapse\" data-parent=\"#single-collapse\" href=\"#single-collapse-6\">Regulamento Disciplinar do Estudante<\/a>\n\t\t\t\t\t<\/h4>\n\t\t\t\t<\/div>\n\t\t\t\t<div id=\"single-collapse-6\" class=\"panel-collapse collapse\">\n\t\t\t\t\t<div class=\"panel-body\">\n<h3 style=\"text-align: justify\">Link para o Regulamento Disciplinar do Estudante.<\/h3>\n<p><a href=\"https:\/\/drive.google.com\/file\/d\/197k5A3EdvRIzbljK5qZUxCJXmh25LsdF\/view\">Clique Aqui.<\/a><\/p>\n<\/div>\n\t\t\t\t<\/div>\n\t\t\t<\/div>\n<div class=\"panel panel-default\">\n\t\t\t\t<div class=\"panel-heading\">\n\t\t\t\t\t<h4 class=\"panel-title\">\n\t\t\t\t\t\t<a class=\"collapsed\" data-toggle=\"collapse\" data-parent=\"#single-collapse\" href=\"#single-collapse-7\">Outras informa\u00e7\u00f5es importantes<\/a>\n\t\t\t\t\t<\/h4>\n\t\t\t\t<\/div>\n\t\t\t\t<div id=\"single-collapse-7\" class=\"panel-collapse collapse\">\n\t\t\t\t\t<div class=\"panel-body\">\n<h3 style=\"text-align: justify\">Outras informa\u00e7\u00f5es importantes<\/h3>\n<p style=\"text-align: justify\"><strong>Aplicativo &#8220;Sou<\/strong> <strong>UFMS&#8221;<\/strong>: auxilia os acad\u00eamicos de gradua\u00e7\u00e3o a consultarem informa\u00e7\u00f5es relevantes, como suas notas, frequ\u00eancias e hor\u00e1rios de cada disciplina durante sua trajet\u00f3ria na UFMS, carteira estudantil virtual, consulta ao acervo de livros, etc. Fa\u00e7a o <em>download<\/em> na loja virtual de seu celular!<\/p>\n<p style=\"text-align: justify\"><strong>Calend\u00e1rio Acad\u00eamico<\/strong>: distribui os dias da semana nos per\u00edodos letivos de 2024, na gradua\u00e7\u00e3o, com todas as datas importantes, do in\u00edcio ao fim dos per\u00edodos letivos. Confira <a href=\"https:\/\/prograd.ufms.br\/files\/2023\/08\/Calendario2024-RESOLUCAO-COUN-n-294-de-25-08-2023.pdf\">clicando aqui<\/a>.<\/p>\n<p style=\"text-align: justify\"><strong>Ingresso<\/strong>: os editais de ingresso nos cursos de gradua\u00e7\u00e3o da UFMS podem ser conferidos no site <a href=\"https:\/\/ingresso.ufms.br\/\">https:\/\/ingresso.ufms.br\/<\/a>.<\/p>\n<p style=\"text-align: justify\"><strong>D\u00favidas: <\/strong>voc\u00ea pode entrar em contato conosco via nossas redes sociais (<a href=\"https:\/\/www.facebook.com\/UFMS-Campus-de-Aquidauana-641626149204690\/\">facebook<\/a> e <a href=\"https:\/\/www.instagram.com\/ufmsaquidauana\/\">instagram<\/a>) ou enviar sua d\u00favida pelo site (<a href=\"https:\/\/cpaq.ufms.br\/fale-conosco\/\">fale conosco<\/a>). Voc\u00ea tamb\u00e9m pode ligar nos telefones dos principais setores do campus (<a href=\"https:\/\/cpaq.ufms.br\/fale-conosco\/\">fale conosco<\/a>) ou enviar e-mail para os setores (menu &#8220;Institucional&#8221;, &#8220;Administrativo&#8221; e escolha o setor).<\/p>\n<p>&nbsp;<\/p>\n<\/div>\n\t\t\t\t<\/div>\n\t\t\t<\/div>\n[\/collapsibles]\n<p><strong>V\u00eddeo de apresenta\u00e7\u00e3o do Campus de Aquidauana &#8211; CPAQ<\/strong>:<\/p>\n<p><iframe title=\"D\u00ea o play e conhe\u00e7a o C\u00e2mpus de Aquidauana - UFMS 2023\" width=\"500\" height=\"281\" src=\"https:\/\/www.youtube.com\/embed\/6CxUv8isKd8?list=PLmqtb9gJLghUh4CrQ33Wxt8eI-1aGws_P\" frameborder=\"0\" allow=\"accelerometer; autoplay; clipboard-write; encrypted-media; gyroscope; picture-in-picture; web-share\" referrerpolicy=\"strict-origin-when-cross-origin\" allowfullscreen><\/iframe><\/p>\n","protected":false},"excerpt":{"rendered":"<p>Calouro, seja bem-vindo ao Campus de Aquidauana da UFMS!\u00a0As aulas v\u00e3o come\u00e7ar e temos algumas informa\u00e7\u00f5es importantes para voc\u00ea! &nbsp; Acompanhe todas as convoca\u00e7\u00f5es pelo site\u00a0https:\/\/ingresso.ufms.br\/. [\/collapsibles] V\u00eddeo de apresenta\u00e7\u00e3o do Campus de Aquidauana &#8211; CPAQ:<\/p>\n","protected":false},"author":2904,"featured_media":22227,"parent":0,"menu_order":0,"comment_status":"closed","ping_status":"closed","template":"page-templates\/page-coordenadorias.php","meta":{"footnotes":""},"coauthors":[],"class_list":["post-15347","page","type-page","status-publish","has-post-thumbnail","hentry"],"_links":{"self":[{"href":"https:\/\/cpaq.ufms.br\/en\/wp-json\/wp\/v2\/pages\/15347","targetHints":{"allow":["GET"]}}],"collection":[{"href":"https:\/\/cpaq.ufms.br\/en\/wp-json\/wp\/v2\/pages"}],"about":[{"href":"https:\/\/cpaq.ufms.br\/en\/wp-json\/wp\/v2\/types\/page"}],"author":[{"embeddable":true,"href":"https:\/\/cpaq.ufms.br\/en\/wp-json\/wp\/v2\/users\/2904"}],"replies":[{"embeddable":true,"href":"https:\/\/cpaq.ufms.br\/en\/wp-json\/wp\/v2\/comments?post=15347"}],"version-history":[{"count":128,"href":"https:\/\/cpaq.ufms.br\/en\/wp-json\/wp\/v2\/pages\/15347\/revisions"}],"predecessor-version":[{"id":36452,"href":"https:\/\/cpaq.ufms.br\/en\/wp-json\/wp\/v2\/pages\/15347\/revisions\/36452"}],"wp:featuredmedia":[{"embeddable":true,"href":"https:\/\/cpaq.ufms.br\/en\/wp-json\/wp\/v2\/media\/22227"}],"wp:attachment":[{"href":"https:\/\/cpaq.ufms.br\/en\/wp-json\/wp\/v2\/media?parent=15347"}],"wp:term":[{"taxonomy":"author","embeddable":true,"href":"https:\/\/cpaq.ufms.br\/en\/wp-json\/wp\/v2\/coauthors?post=15347"}],"curies":[{"name":"wp","href":"https:\/\/api.w.org\/{rel}","templated":true}]}}