{"id":12679,"date":"2018-07-02T15:41:18","date_gmt":"2018-07-02T19:41:18","guid":{"rendered":"https:\/\/cpaq.ufms.br\/?page_id=12679"},"modified":"2025-02-26T20:09:20","modified_gmt":"2025-02-27T00:09:20","slug":"uae-atendimento-do-servico-social","status":"publish","type":"page","link":"https:\/\/cpaq.ufms.br\/en\/00-novos\/uae\/uae-atendimento-do-servico-social\/","title":{"rendered":"SETAES &#8211; Atendimento de Servi\u00e7o Social"},"content":{"rendered":"<p style=\"text-align: justify\"><div class=\"panel panel-info\"><div class=\"panel-heading\">O que \u00e9?<\/div><div class=\"panel-body\">\n<p><span style=\"font-weight: 400\">O atendimento social ao estudante visa atuar nas situa\u00e7\u00f5es vivenciadas pelos acad\u00eamicos nos \u00e2mbitos educacional e social, que podem afetar o seu desempenho e levar a sua reten\u00e7\u00e3o e evas\u00e3o, al\u00e9m de limitar as possibilidades de viv\u00eancia acad\u00eamica nas mais diversas \u00e1reas na universidade (cultura, esporte, lazer, ensino, pesquisa, extens\u00e3o, entre outras).<\/span><span style=\"font-weight: 400\"><br \/>\n<\/span><span style=\"font-weight: 400\"><br \/>\n<\/span><b>Quais atividades realiza?<\/b><\/p>\n<ul>\n<li><span style=\"font-weight: 400\">Acolhimento, identifica\u00e7\u00e3o das necessidades dos acad\u00eamicos, entrevistas, orienta\u00e7\u00f5es, visitas domiciliares, estudos e pareceres sociais para viabiliza\u00e7\u00e3o de direitos sociais e acesso \u00e0s pol\u00edticas p\u00fablicas;<\/span><\/li>\n<\/ul>\n<ul>\n<li><span style=\"font-weight: 400\">Acompanhamento social dos acad\u00eamicos em vulnerabilidade socioecon\u00f4mica;<\/span><\/li>\n<\/ul>\n<ul>\n<li><span style=\"font-weight: 400\">Orienta\u00e7\u00e3o individual e coletiva sobre os Aux\u00edlios da Assist\u00eancia Estudantil, direitos dos estudantes referente as normativas institucionais, al\u00e9m de informa\u00e7\u00f5es educacionais, assistenciais, de lazer, cultura e esporte no \u00e2mbito da UFMS;<\/span><\/li>\n<\/ul>\n<ul>\n<li><span style=\"font-weight: 400\">Encaminhamento aos servi\u00e7os prestados pela rede p\u00fablica, privada e n\u00e3o-governamental de sa\u00fade, assist\u00eancia social e educa\u00e7\u00e3o no munic\u00edpio em que os acad\u00eamicos habitam.<\/span><\/li>\n<\/ul>\n<ul>\n<li><span style=\"font-weight: 400\">Apoio em rodas de conversas, oficinas e eventos voltados aos interesses dos acad\u00eamicos e que promovam o bem-estar, sa\u00fade, acessibilidade, inclus\u00e3o, igualdade, respeito e dignidade.<\/span><\/li>\n<\/ul>\n<p>&nbsp;<\/p>\n<p><b>Voc\u00ea pode procurar atendimento quando:<\/b><\/p>\n<ul>\n<li style=\"font-weight: 400\"><span style=\"font-weight: 400\">Estiver em situa\u00e7\u00e3o de vulnerabilidade social;<\/span><\/li>\n<li style=\"font-weight: 400\"><span style=\"font-weight: 400\">Necessitar de apoio e acolhimento social em momentos dif\u00edceis;<\/span><\/li>\n<li style=\"font-weight: 400\"><span style=\"font-weight: 400\">Precisar de orienta\u00e7\u00e3o sobre os servi\u00e7os e aux\u00edlios estudantis da UFMS.<\/span><\/li>\n<\/ul>\n<p>&nbsp;<\/p>\n<p><b>Assistente Social do Campus de Aquidauana:<\/b><\/p>\n<p><span style=\"font-weight: 400\">Raynne Ferreira Santos<\/span><\/p>\n<p><span style=\"font-weight: 400\">CRESS 5493 \u2013 21\u00aa Regi\u00e3o\/MS<\/span><\/p>\n<p>&nbsp;<\/p>\n<p><b>E-mail:<\/b><span style=\"font-weight: 400\">\u00a0<\/span><a href=\"mailto:raynne.ferreira@ufms.br\"><span style=\"font-weight: 400\">raynne.ferreira@ufms.br<\/span><\/a><\/p>\n<p>&nbsp;<\/p>\n<p><b>Telefone e WhatsApp Business:<\/b><span style=\"font-weight: 400\"> (67) 3241-0416 | Ramal: 2416<\/span><\/p>\n<p>&nbsp;<\/p>\n<p><b>Expediente:<\/b><span style=\"font-weight: 400\">\u00a0segunda a sexta, das 7h \u00e0s 11h e das 13h \u00e0s 17h (Obs.: N\u00e3o haver\u00e1 respostas fora do expediente, aos fins de semana e feriados).<\/span><\/p>\n<p>&nbsp;<\/p>\n<p><b>Mais informa\u00e7\u00f5es:<\/b><span style=\"font-weight: 400\"> Os acad\u00eamicos podem procurar por mais informa\u00e7\u00f5es no Setor de Assist\u00eancia Estudantil \u2013 SETAES, Unidade II, Bloco A, Sala A10.<\/span><\/p>\n<p style=\"text-align: justify\"><\/div><\/div>\n","protected":false},"excerpt":{"rendered":"","protected":false},"author":1449,"featured_media":30611,"parent":29698,"menu_order":0,"comment_status":"closed","ping_status":"closed","template":"page-templates\/page-coordenadorias.php","meta":{"footnotes":""},"coauthors":[94],"class_list":["post-12679","page","type-page","status-publish","has-post-thumbnail","hentry"],"_links":{"self":[{"href":"https:\/\/cpaq.ufms.br\/en\/wp-json\/wp\/v2\/pages\/12679","targetHints":{"allow":["GET"]}}],"collection":[{"href":"https:\/\/cpaq.ufms.br\/en\/wp-json\/wp\/v2\/pages"}],"about":[{"href":"https:\/\/cpaq.ufms.br\/en\/wp-json\/wp\/v2\/types\/page"}],"author":[{"embeddable":true,"href":"https:\/\/cpaq.ufms.br\/en\/wp-json\/wp\/v2\/users\/1449"}],"replies":[{"embeddable":true,"href":"https:\/\/cpaq.ufms.br\/en\/wp-json\/wp\/v2\/comments?post=12679"}],"version-history":[{"count":17,"href":"https:\/\/cpaq.ufms.br\/en\/wp-json\/wp\/v2\/pages\/12679\/revisions"}],"predecessor-version":[{"id":36553,"href":"https:\/\/cpaq.ufms.br\/en\/wp-json\/wp\/v2\/pages\/12679\/revisions\/36553"}],"up":[{"embeddable":true,"href":"https:\/\/cpaq.ufms.br\/en\/wp-json\/wp\/v2\/pages\/29698"}],"wp:featuredmedia":[{"embeddable":true,"href":"https:\/\/cpaq.ufms.br\/en\/wp-json\/wp\/v2\/media\/30611"}],"wp:attachment":[{"href":"https:\/\/cpaq.ufms.br\/en\/wp-json\/wp\/v2\/media?parent=12679"}],"wp:term":[{"taxonomy":"author","embeddable":true,"href":"https:\/\/cpaq.ufms.br\/en\/wp-json\/wp\/v2\/coauthors?post=12679"}],"curies":[{"name":"wp","href":"https:\/\/api.w.org\/{rel}","templated":true}]}}