{"id":12437,"date":"2018-06-15T10:40:33","date_gmt":"2018-06-15T14:40:33","guid":{"rendered":"https:\/\/cpaq.ufms.br\/?page_id=12437"},"modified":"2022-08-10T09:46:34","modified_gmt":"2022-08-10T13:46:34","slug":"bolsa-permanencia-do-mec","status":"publish","type":"page","link":"https:\/\/cpaq.ufms.br\/en\/00-novos\/uae\/bolsa-permanencia-do-mec\/","title":{"rendered":"UAE &#8211; Bolsa Perman\u00eancia do MEC"},"content":{"rendered":"<p style=\"text-align: justify\"><strong>Inscri\u00e7\u00f5es <span style=\"color: #ff0000\">fechadas<\/span> atualmente.<\/strong><\/p>\n<p style=\"text-align: justify\"><strong>Quem pode participar?\u00a0<\/strong>O(a) acad\u00eamico(a) comprovadamente quilombola ou ind\u00edgena que atender, obrigatoriamente, as seguintes exig\u00eancias:<\/p>\n<ul style=\"text-align: justify\">\n<li>Estar matriculado(a) em curso presencial de gradua\u00e7\u00e3o;<\/li>\n<li>Realizar a inscri\u00e7\u00e3o online (ver instru\u00e7\u00f5es em:\u00a0<a href=\"https:\/\/drive.google.com\/file\/d\/0B-Z3ST0JO5oac09xYlNrcl9pUmM\/view?usp=sharing\" target=\"_blank\" rel=\"noopener noreferrer\">Instru\u00e7\u00f5es para inscri\u00e7\u00e3o BP MEC<\/a>); e<\/li>\n<li>Realizar \u00a0a entrega de documenta\u00e7\u00f5es, abaixo especificadas, para comprova\u00e7\u00e3o da condi\u00e7\u00e3o de estudante ind\u00edgena ou quilombola, na\u00a0Secretaria de Apoio para Assuntos Estudantis (SECAE\/CPAQ), no Bloco A, SALA A10, na Unidade II, durante o\u00a0per\u00edodo de inscri\u00e7\u00e3o:<\/li>\n<\/ul>\n<p style=\"text-align: justify\">Autodeclara\u00e7\u00e3o do candidato (<a href=\"https:\/\/cpaq.ufms.br\/files\/2017\/08\/AUTODECLARA%C3%87%C3%83O-quilombola-ou-ind%C3%ADgena-1.docx\">AUTODECLARA\u00c7\u00c3O-quilombola-ou-ind\u00edgena<\/a>);<\/p>\n<p style=\"text-align: justify\">Declara\u00e7\u00e3o de sua respectiva comunidade sobre sua condi\u00e7\u00e3o de pertencimento \u00e9tnico, assinada por pelo menos 3 (tr\u00eas) lideran\u00e7as reconhecidas (<a href=\"https:\/\/cpaq.ufms.br\/files\/2017\/08\/DECLARA%C3%87%C3%83O-DE-PERTENCIMENTO-%C3%89TNICO-QUILOMBOLA-1.docx\">DECLARA\u00c7\u00c3O-DE-PERTENCIMENTO-\u00c9TNICO- INDIGENA OU QUILOMBOLA (1)<\/a>);<\/p>\n<p style=\"text-align: justify\">Termo de \u00a0Compromisso do Bolsista (<a href=\"https:\/\/cpaq.ufms.br\/files\/2017\/08\/TERMO-DE-COMPROMISSO-DO-BOLSISTA-indigena-ou-quilombola.pdf\">TERMO DE COMPROMISSO DO BOLSISTA -indigena-ou-quilombola<\/a>); e<\/p>\n<p style=\"text-align: justify\">Declara\u00e7\u00e3o da Funda\u00e7\u00e3o Nacional do \u00cdndio (Funai) que o estudante ind\u00edgena reside em comunidade ind\u00edgena (dever\u00e1 solicitar declara\u00e7\u00e3o diretamente \u00e0 Funai).<\/p>\n<p style=\"text-align: justify\">Declara\u00e7\u00e3o da Funda\u00e7\u00e3o Cultural Palmares de que o estudante quilombola reside em comunidade remanescente de quilombo.<\/p>\n<p style=\"text-align: justify\">Confira a Portaria que\u00a0autoriza a abertura de novas inscri\u00e7\u00f5es ao Programa de Bolsa Perman\u00eancia \u2013 PBP no ano de 2018:\u00a0<a href=\"http:\/\/portal.mec.gov.br\/index.php?option=com_docman&amp;view=download&amp;alias=89091-bolsapermanencia&amp;category_slug=junho-2018-pdf&amp;Itemid=30192\" target=\"_blank\" rel=\"noopener noreferrer\">PORTARIA N\u00ba 560, DE 14 DE JUNHO DE 2018<\/a>.<\/p>\n<p style=\"text-align: justify\"><strong>Aten\u00e7\u00e3o:\u00a0os documentos Declara\u00e7\u00e3o de sua respectiva comunidade sobre sua condi\u00e7\u00e3o de pertencimento \u00e9tnico assinada por tr\u00eas lideran\u00e7as; Declara\u00e7\u00e3o da Funda\u00e7\u00e3o Nacional do \u00cdndio (Funai) de que o estudante ind\u00edgena reside em comunidade ind\u00edgena\u00a0 ou\u00a0 Declara\u00e7\u00e3o da Funda\u00e7\u00e3o Cultural Palmares de que o estudante quilombola reside em comunidade remanescente de quilombo; e a Autodeclara\u00e7\u00e3o do candidato devem ser anexados, individualmente, no ato da inscri\u00e7\u00e3o online.\u00a0<\/strong><\/p>\n<p style=\"text-align: justify\">Para mais informa\u00e7\u00f5es, entre em contato com a SECAE\/CPAQ, nos telefones: (67) 3241-0416 e 3241-0426.<\/p>\n","protected":false},"excerpt":{"rendered":"<p>Inscri\u00e7\u00f5es fechadas atualmente. Quem pode participar?\u00a0O(a) acad\u00eamico(a) comprovadamente quilombola ou ind\u00edgena que atender, obrigatoriamente, as seguintes exig\u00eancias: Estar matriculado(a) em curso presencial de gradua\u00e7\u00e3o; Realizar a inscri\u00e7\u00e3o online (ver instru\u00e7\u00f5es em:\u00a0Instru\u00e7\u00f5es para inscri\u00e7\u00e3o BP MEC); e Realizar \u00a0a entrega de documenta\u00e7\u00f5es, abaixo especificadas, para comprova\u00e7\u00e3o da condi\u00e7\u00e3o de estudante ind\u00edgena ou quilombola, na\u00a0Secretaria de Apoio [&hellip;]<\/p>\n","protected":false},"author":1449,"featured_media":12405,"parent":29698,"menu_order":0,"comment_status":"closed","ping_status":"closed","template":"page-templates\/page-coordenadorias.php","meta":{"footnotes":""},"coauthors":[94],"class_list":["post-12437","page","type-page","status-publish","has-post-thumbnail","hentry"],"_links":{"self":[{"href":"https:\/\/cpaq.ufms.br\/en\/wp-json\/wp\/v2\/pages\/12437","targetHints":{"allow":["GET"]}}],"collection":[{"href":"https:\/\/cpaq.ufms.br\/en\/wp-json\/wp\/v2\/pages"}],"about":[{"href":"https:\/\/cpaq.ufms.br\/en\/wp-json\/wp\/v2\/types\/page"}],"author":[{"embeddable":true,"href":"https:\/\/cpaq.ufms.br\/en\/wp-json\/wp\/v2\/users\/1449"}],"replies":[{"embeddable":true,"href":"https:\/\/cpaq.ufms.br\/en\/wp-json\/wp\/v2\/comments?post=12437"}],"version-history":[{"count":11,"href":"https:\/\/cpaq.ufms.br\/en\/wp-json\/wp\/v2\/pages\/12437\/revisions"}],"predecessor-version":[{"id":31259,"href":"https:\/\/cpaq.ufms.br\/en\/wp-json\/wp\/v2\/pages\/12437\/revisions\/31259"}],"up":[{"embeddable":true,"href":"https:\/\/cpaq.ufms.br\/en\/wp-json\/wp\/v2\/pages\/29698"}],"wp:featuredmedia":[{"embeddable":true,"href":"https:\/\/cpaq.ufms.br\/en\/wp-json\/wp\/v2\/media\/12405"}],"wp:attachment":[{"href":"https:\/\/cpaq.ufms.br\/en\/wp-json\/wp\/v2\/media?parent=12437"}],"wp:term":[{"taxonomy":"author","embeddable":true,"href":"https:\/\/cpaq.ufms.br\/en\/wp-json\/wp\/v2\/coauthors?post=12437"}],"curies":[{"name":"wp","href":"https:\/\/api.w.org\/{rel}","templated":true}]}}