{"id":12134,"date":"2018-06-04T10:43:20","date_gmt":"2018-06-04T14:43:20","guid":{"rendered":"https:\/\/cpaq.ufms.br\/?page_id=12134"},"modified":"2021-06-28T15:48:15","modified_gmt":"2021-06-28T19:48:15","slug":"catalogo-de-servicos","status":"publish","type":"page","link":"https:\/\/cpaq.ufms.br\/en\/00-novos\/agetic-cpaq\/catalogo-de-servicos\/","title":{"rendered":"Cat\u00e1logo de Servi\u00e7os AGETIC"},"content":{"rendered":"<h3>Servi\u00e7os<\/h3>\n<h3><strong>Portf\u00f3lio de Servi\u00e7os da AGETIC<\/strong><\/h3>\n<p>O Portf\u00f3lio de Servi\u00e7os da AGETIC tem como objetivo apresentar os servi\u00e7os e sistemas oferecidos \u00e0 comunidade da UFMS, de forma a agilizar as demandas pelos servi\u00e7os de tecnologia da informa\u00e7\u00e3o oferecidos e, consequentemente, melhorar o atendimento aos seus clientes.<\/p>\n<h3>Cat\u00e1logo de Sistemas<\/h3>\n<p>O\u00a0<a href=\"https:\/\/sistemas.ufms.br\/\">Cat\u00e1logo de Sistemas<\/a>\u00a0apresenta uma vis\u00e3o geral dos sistemas institucionais utilizados pela administra\u00e7\u00e3o, servidores, discentes e docentes da UFMS.<\/p>\n<h3>Suporte ao Cliente<\/h3>\n<p>Por meio da p\u00e1gina do\u00a0<a href=\"https:\/\/suporte-cpaq.ufms.br\">Suporte ao Cliente<\/a>, \u00e9 poss\u00edvel realizar requisi\u00e7\u00f5es de servi\u00e7os, elucida\u00e7\u00e3o de d\u00favidas e solicitar informa\u00e7\u00f5es relativos \u00e0 Tecnologia da Informa\u00e7\u00e3o.<\/p>\n<h3>Passaporte UFMS<\/h3>\n<p>\u00c9 o sistema de gerenciamento de contas de usu\u00e1rios para acesso aos computadores da UFMS e os sistemas desenvolvidos pela AGETIC. Para mais informa\u00e7\u00f5es, acesse a p\u00e1gina do\u00a0<a href=\"https:\/\/passaporte.ufms.br\/\">Passaporte UFMS<\/a>.<\/p>\n","protected":false},"excerpt":{"rendered":"<p>Servi\u00e7os Portf\u00f3lio de Servi\u00e7os da AGETIC O Portf\u00f3lio de Servi\u00e7os da AGETIC tem como objetivo apresentar os servi\u00e7os e sistemas oferecidos \u00e0 comunidade da UFMS, de forma a agilizar as demandas pelos servi\u00e7os de tecnologia da informa\u00e7\u00e3o oferecidos e, consequentemente, melhorar o atendimento aos seus clientes. Cat\u00e1logo de Sistemas O\u00a0Cat\u00e1logo de Sistemas\u00a0apresenta uma vis\u00e3o geral [&hellip;]<\/p>\n","protected":false},"author":1449,"featured_media":0,"parent":4763,"menu_order":0,"comment_status":"closed","ping_status":"closed","template":"page-templates\/page-coordenadorias.php","meta":{"footnotes":""},"coauthors":[79],"class_list":["post-12134","page","type-page","status-publish","hentry"],"_links":{"self":[{"href":"https:\/\/cpaq.ufms.br\/en\/wp-json\/wp\/v2\/pages\/12134","targetHints":{"allow":["GET"]}}],"collection":[{"href":"https:\/\/cpaq.ufms.br\/en\/wp-json\/wp\/v2\/pages"}],"about":[{"href":"https:\/\/cpaq.ufms.br\/en\/wp-json\/wp\/v2\/types\/page"}],"author":[{"embeddable":true,"href":"https:\/\/cpaq.ufms.br\/en\/wp-json\/wp\/v2\/users\/1449"}],"replies":[{"embeddable":true,"href":"https:\/\/cpaq.ufms.br\/en\/wp-json\/wp\/v2\/comments?post=12134"}],"version-history":[{"count":3,"href":"https:\/\/cpaq.ufms.br\/en\/wp-json\/wp\/v2\/pages\/12134\/revisions"}],"predecessor-version":[{"id":27862,"href":"https:\/\/cpaq.ufms.br\/en\/wp-json\/wp\/v2\/pages\/12134\/revisions\/27862"}],"up":[{"embeddable":true,"href":"https:\/\/cpaq.ufms.br\/en\/wp-json\/wp\/v2\/pages\/4763"}],"wp:attachment":[{"href":"https:\/\/cpaq.ufms.br\/en\/wp-json\/wp\/v2\/media?parent=12134"}],"wp:term":[{"taxonomy":"author","embeddable":true,"href":"https:\/\/cpaq.ufms.br\/en\/wp-json\/wp\/v2\/coauthors?post=12134"}],"curies":[{"name":"wp","href":"https:\/\/api.w.org\/{rel}","templated":true}]}}