{"id":11259,"date":"2018-04-06T15:28:34","date_gmt":"2018-04-06T19:28:34","guid":{"rendered":"https:\/\/cpaq.ufms.br\/?page_id=11259"},"modified":"2025-05-15T16:28:56","modified_gmt":"2025-05-15T20:28:56","slug":"secretaria-de-pos-graduacao","status":"publish","type":"page","link":"https:\/\/cpaq.ufms.br\/en\/00-novos\/secretaria-de-pos-graduacao\/","title":{"rendered":"Secretaria de P\u00f3s-Gradua\u00e7\u00e3o"},"content":{"rendered":"<div class=\"panel panel-info\"><div class=\"panel-body\">\n<h3 style=\"text-align: justify\">Secret\u00e1rio de P\u00f3s-Gradua\u00e7\u00e3o<\/h3>\n<p style=\"text-align: justify\"><strong>T\u00e9cnico em Assuntos Educacionais<\/strong><\/p>\n<p style=\"text-align: justify\"><em><strong>Diego Almeida Oliveira<\/strong><\/em><\/p>\n<p style=\"text-align: justify\"><strong>Telefone:<\/strong> 3241-0310 \/ Ramal: 2310<\/p>\n<p style=\"text-align: justify\"><strong>E-mail:<\/strong> <a href=\"mailto:secppgg.cpaq@ufms.br\">secppgg.cpaq@ufms.br<\/a> &#8211; Mestrado em Geografia<\/p>\n<p style=\"text-align: justify\"><strong>E-mail: <\/strong><a href=\"mailto:ppgcult.cpaq@ufms.br\">ppgcult.cpaq@ufms.br<\/a> &#8211; Mestrado em Estudos Culturais<\/p>\n<p style=\"text-align: justify\">Mapeamento de processos: <a href=\"https:\/\/cpaq.ufms.br\/coad-mapeamento-de-processos\/\">Clique aqui.<\/a><\/p>\n<\/div><\/div>\n","protected":false},"excerpt":{"rendered":"","protected":false},"author":2904,"featured_media":30497,"parent":30416,"menu_order":0,"comment_status":"closed","ping_status":"closed","template":"page-templates\/page-coordenadorias.php","meta":{"footnotes":""},"coauthors":[94],"class_list":["post-11259","page","type-page","status-publish","has-post-thumbnail","hentry"],"_links":{"self":[{"href":"https:\/\/cpaq.ufms.br\/en\/wp-json\/wp\/v2\/pages\/11259","targetHints":{"allow":["GET"]}}],"collection":[{"href":"https:\/\/cpaq.ufms.br\/en\/wp-json\/wp\/v2\/pages"}],"about":[{"href":"https:\/\/cpaq.ufms.br\/en\/wp-json\/wp\/v2\/types\/page"}],"author":[{"embeddable":true,"href":"https:\/\/cpaq.ufms.br\/en\/wp-json\/wp\/v2\/users\/2904"}],"replies":[{"embeddable":true,"href":"https:\/\/cpaq.ufms.br\/en\/wp-json\/wp\/v2\/comments?post=11259"}],"version-history":[{"count":20,"href":"https:\/\/cpaq.ufms.br\/en\/wp-json\/wp\/v2\/pages\/11259\/revisions"}],"predecessor-version":[{"id":37173,"href":"https:\/\/cpaq.ufms.br\/en\/wp-json\/wp\/v2\/pages\/11259\/revisions\/37173"}],"up":[{"embeddable":true,"href":"https:\/\/cpaq.ufms.br\/en\/wp-json\/wp\/v2\/pages\/30416"}],"wp:featuredmedia":[{"embeddable":true,"href":"https:\/\/cpaq.ufms.br\/en\/wp-json\/wp\/v2\/media\/30497"}],"wp:attachment":[{"href":"https:\/\/cpaq.ufms.br\/en\/wp-json\/wp\/v2\/media?parent=11259"}],"wp:term":[{"taxonomy":"author","embeddable":true,"href":"https:\/\/cpaq.ufms.br\/en\/wp-json\/wp\/v2\/coauthors?post=11259"}],"curies":[{"name":"wp","href":"https:\/\/api.w.org\/{rel}","templated":true}]}}